{"id":525,"date":"2022-02-22T18:33:45","date_gmt":"2022-02-22T17:33:45","guid":{"rendered":"https:\/\/elxverdaineta.es\/?page_id=525"},"modified":"2022-02-25T08:47:10","modified_gmt":"2022-02-25T07:47:10","slug":"avis-legal","status":"publish","type":"page","link":"https:\/\/elxverdaineta.es\/ca\/avis-legal\/","title":{"rendered":"Av\u00eds legal"},"content":{"rendered":"<div class=\"wpb-content-wrapper\"><p>[vc_row css_animation=&#8221;&#8221; row_type=&#8221;row&#8221; use_row_as_full_screen_section=&#8221;no&#8221; type=&#8221;full_width&#8221; angled_section=&#8221;no&#8221; text_align=&#8221;left&#8221; background_image_as_pattern=&#8221;without_pattern&#8221; css=&#8221;.vc_custom_1645775228465{padding-top: 100px !important;}&#8221; z_index=&#8221;&#8221;][vc_column][vc_column_text]<strong>*Desc\u00e0rrega de responsabilitat<\/strong>: Aquest text legal escrit en valenci\u00e0 \u00e9s nom\u00e9s per a prop\u00f2sits de traducci\u00f3 i nom\u00e9s pret\u00e9n ajudar el lector de parla valenciana a llegir-ho en el seu idioma predilecte. Quan es produeixen inconsist\u00e8ncies en el significat durant la lectura d&#8217;aquest text, la versi\u00f3 en castell\u00e0 t\u00e9 prioritat.<\/p>\n<p>&nbsp;<\/p>\n<h2>TERMES GENERALS D&#8217;\u00daS DE www.elxverdaineta.es<\/h2>\n<p>L&#8217;acc\u00e9s als continguts de les seccions de la nostra Web, es far\u00e0 d&#8217;acord amb la pol\u00edtica que establisca l&#8217;entitat. Aix\u00ed mateix UTE Elx, podr\u00e0 modificar, en qualsevol moment i sense previ av\u00eds, la informaci\u00f3 continguda en el lloc web, per la qual cosa l&#8217;entitat no es responsabilitza que aqueixa informaci\u00f3 estiga actualitzada.<\/p>\n<h4><u>RESPONSABILITAT D&#8217;UTE Elx<\/u><\/h4>\n<p>Tant l&#8217;acc\u00e9s a aquesta Web com l&#8217;\u00fas que puga fer-se de la informaci\u00f3 continguda en el mateix \u00e9s de l&#8217;exclusiva responsabilitat de qui el realitza.<\/p>\n<p>UTE Elx no respondr\u00e0 de cap conseq\u00fc\u00e8ncia, mal o perjudici que pogueren derivar-se d&#8217;aquest acc\u00e9s o \u00fas de la informaci\u00f3. UTE Elx no es fa responsable dels possibles errors de seguretat que es puguen produir ni dels possibles danys que puguen causar-se al sistema inform\u00e0tic de l&#8217;usuari (maquinari i programari), els fitxers o documents emmagatzemats en aquest, a conseq\u00fc\u00e8ncia de la pres\u00e8ncia de virus en l&#8217;ordinador de l&#8217;usuari utilitzat per a la connexi\u00f3 als serveis i continguts de la Web, d&#8217;un mal funcionament del navegador o de l&#8217;\u00fas de versions no actualitzades d&#8217;aquest.<\/p>\n<p>Per tant L&#8217;usuari accepta, de manera expressa i sense reserves, que l&#8217;acc\u00e9s i la utilitzaci\u00f3 del portal, es fa sota la seua \u00fanica i exclusiva responsabilitat.<\/p>\n<p>&nbsp;<\/p>\n<p>En virtut de la Llei 34\/2002 d&#8217;11 de juliol de Serveis de la Societat de la Informaci\u00f3 i Comer\u00e7 Electr\u00f2nic, per a qualsevol controv\u00e8rsia que poguera sorgir ser\u00e0 aplicable la legislaci\u00f3 espanyola. L&#8217;usuari respondr\u00e0, en qualsevol cas, de la veracitat de les dades facilitades, reservant-se UTE Elx el dret a excloure dels serveis registrats a tot usuari que haja facilitat dades falses, sense prejudici de les altres accions que procedisquen en Dret.<\/p>\n<h4><u>PROPIETAT INTEL\u00b7LECTUAL<\/u><\/h4>\n<p>UTE Elx \u00e9s propietari i\/o llicenciatari, de tota la informaci\u00f3 continguda en aquest portal, del seu disseny gr\u00e0fic, imatges, bases de dades, \u00edndexs, codis fonts, marques i logotips, estant protegits conforme al que es disposa en la Llei de Propietat Intel\u00b7lectual, i, en la Llei de Marques.<\/p>\n<p>La seua posada a disposici\u00f3 i \u00fas, no suposa, en cap cas, la cessi\u00f3 de la seua titularitat o la concessi\u00f3 d&#8217;un dret d&#8217;\u00fas a favor de l&#8217;Usuari, per la qual cosa tota reproducci\u00f3, c\u00f2pia, distribuci\u00f3 total o parcial, o, comercialitzaci\u00f3, requerir\u00e0 l&#8217;autoritzaci\u00f3 pr\u00e8via i escrita d&#8217;UTE Elx, reservant-se l&#8217;entitat, en cas d&#8217;\u00fas indegut del Website, el dret a exercitar quantes accions legals anaren precises per a la restituci\u00f3 dels danys i perjudicis causats, aix\u00ed mateix l&#8217;usuari s&#8217;obliga a indemnitzar a l&#8217;entitat per qualsevol mal o perjudici que poguera ocasionar per l&#8217;\u00fas d&#8217;aquesta Web, infringint aquestes condicions generals i\/o la legalitat vigent.<\/p>\n<h4><u>LINKS, B\u00c0NERS<\/u><\/h4>\n<p>La inclusi\u00f3 en el portal www.elxverdaineta.es de links o enlla\u00e7os amb altres portals, t\u00e9 una finalitat merament informativa, i no suposa que UTE Elx recomane i\/o garantisca aquests portals, sobre els que no exerceix cap control, ni \u00e9s responsable del contingut d&#8217;aquests.<\/p>\n<p>&nbsp;<\/p>\n<p><strong>UTE Elx<\/strong><br \/>\n<strong>CIF:<\/strong> O-26384172<br \/>\n<strong>Adre\u00e7a:<\/strong> Partida Vallongas, 45<br \/>\nC.P: 03291 <strong>Localitat: <\/strong>Elx<br \/>\n<strong>Prov\u00edncia:<\/strong> Alacant<br \/>\n<strong>e-mail:<\/strong> info@elxverdaineta.es<br \/>\n<strong>N\u00fam. inscripci\u00f3 en el registre mercantil:<\/strong> _________[\/vc_column_text][\/vc_column][\/vc_row]<\/p>\n<\/div>","protected":false},"excerpt":{"rendered":"<p>[vc_row css_animation=&#8221;&#8221; row_type=&#8221;row&#8221; use_row_as_full_screen_section=&#8221;no&#8221; type=&#8221;full_width&#8221; angled_section=&#8221;no&#8221; text_align=&#8221;left&#8221; background_image_as_pattern=&#8221;without_pattern&#8221; css=&#8221;.vc_custom_1645775228465{padding-top: 100px !important;}&#8221; z_index=&#8221;&#8221;][vc_column][vc_column_text]*Desc\u00e0rrega de responsabilitat: Aquest text legal escrit en valenci\u00e0 \u00e9s nom\u00e9s per a prop\u00f2sits de traducci\u00f3 i nom\u00e9s pret\u00e9n ajudar el lector de parla valenciana a llegir-ho en el seu idioma predilecte. Quan es&#8230;<\/p>\n","protected":false},"author":1,"featured_media":0,"parent":0,"menu_order":0,"comment_status":"closed","ping_status":"closed","template":"","meta":{"rs_blank_template":"","rs_page_bg_color":"","slide_template_v7":"","footnotes":""},"class_list":["post-525","page","type-page","status-publish","hentry"],"yoast_head":"<!-- This site is optimized with the Yoast SEO plugin v27.4 - https:\/\/yoast.com\/product\/yoast-seo-wordpress\/ -->\n<title>Av\u00eds legal - Elx verda i neta<\/title>\n<meta name=\"robots\" content=\"index, follow, max-snippet:-1, max-image-preview:large, max-video-preview:-1\" \/>\n<link rel=\"canonical\" href=\"https:\/\/elxverdaineta.es\/ca\/avis-legal\/\" \/>\n<meta property=\"og:locale\" content=\"ca_ES\" \/>\n<meta property=\"og:type\" content=\"article\" \/>\n<meta property=\"og:title\" content=\"Av\u00eds legal - Elx verda i neta\" \/>\n<meta property=\"og:description\" content=\"[vc_row css_animation=&#8221;&#8221; row_type=&#8221;row&#8221; use_row_as_full_screen_section=&#8221;no&#8221; type=&#8221;full_width&#8221; angled_section=&#8221;no&#8221; text_align=&#8221;left&#8221; background_image_as_pattern=&#8221;without_pattern&#8221; css=&#8221;.vc_custom_1645775228465{padding-top: 100px !important;}&#8221; z_index=&#8221;&#8221;][vc_column][vc_column_text]*Desc\u00e0rrega de responsabilitat: Aquest text legal escrit en valenci\u00e0 \u00e9s nom\u00e9s per a prop\u00f2sits de traducci\u00f3 i nom\u00e9s pret\u00e9n ajudar el lector de parla valenciana a llegir-ho en el seu idioma predilecte. Quan es...\" \/>\n<meta property=\"og:url\" content=\"https:\/\/elxverdaineta.es\/ca\/avis-legal\/\" \/>\n<meta property=\"og:site_name\" content=\"Elx verda i neta\" \/>\n<meta property=\"article:publisher\" content=\"https:\/\/www.facebook.com\/elxverdaineta\/\" \/>\n<meta property=\"article:modified_time\" content=\"2022-02-25T07:47:10+00:00\" \/>\n<meta name=\"twitter:card\" content=\"summary_large_image\" \/>\n<meta name=\"twitter:site\" content=\"@elxverdaineta\" \/>\n<meta name=\"twitter:label1\" content=\"Temps estimat de lectura\" \/>\n\t<meta name=\"twitter:data1\" content=\"3 minuts\" \/>\n<script type=\"application\/ld+json\" class=\"yoast-schema-graph\">{\"@context\":\"https:\\\/\\\/schema.org\",\"@graph\":[{\"@type\":\"WebPage\",\"@id\":\"https:\\\/\\\/elxverdaineta.es\\\/ca\\\/avis-legal\\\/\",\"url\":\"https:\\\/\\\/elxverdaineta.es\\\/ca\\\/avis-legal\\\/\",\"name\":\"Av\u00eds legal - Elx verda i neta\",\"isPartOf\":{\"@id\":\"https:\\\/\\\/elxverdaineta.es\\\/ca\\\/#website\"},\"datePublished\":\"2022-02-22T17:33:45+00:00\",\"dateModified\":\"2022-02-25T07:47:10+00:00\",\"breadcrumb\":{\"@id\":\"https:\\\/\\\/elxverdaineta.es\\\/ca\\\/avis-legal\\\/#breadcrumb\"},\"inLanguage\":\"ca\",\"potentialAction\":[{\"@type\":\"ReadAction\",\"target\":[\"https:\\\/\\\/elxverdaineta.es\\\/ca\\\/avis-legal\\\/\"]}]},{\"@type\":\"BreadcrumbList\",\"@id\":\"https:\\\/\\\/elxverdaineta.es\\\/ca\\\/avis-legal\\\/#breadcrumb\",\"itemListElement\":[{\"@type\":\"ListItem\",\"position\":1,\"name\":\"Inici\",\"item\":\"https:\\\/\\\/elxverdaineta.es\\\/ca\\\/\"},{\"@type\":\"ListItem\",\"position\":2,\"name\":\"Av\u00eds legal\"}]},{\"@type\":\"WebSite\",\"@id\":\"https:\\\/\\\/elxverdaineta.es\\\/ca\\\/#website\",\"url\":\"https:\\\/\\\/elxverdaineta.es\\\/ca\\\/\",\"name\":\"Elx verda i neta\",\"description\":\"\",\"publisher\":{\"@id\":\"https:\\\/\\\/elxverdaineta.es\\\/ca\\\/#organization\"},\"potentialAction\":[{\"@type\":\"SearchAction\",\"target\":{\"@type\":\"EntryPoint\",\"urlTemplate\":\"https:\\\/\\\/elxverdaineta.es\\\/ca\\\/?s={search_term_string}\"},\"query-input\":{\"@type\":\"PropertyValueSpecification\",\"valueRequired\":true,\"valueName\":\"search_term_string\"}}],\"inLanguage\":\"ca\"},{\"@type\":\"Organization\",\"@id\":\"https:\\\/\\\/elxverdaineta.es\\\/ca\\\/#organization\",\"name\":\"Elx verda i neta\",\"url\":\"https:\\\/\\\/elxverdaineta.es\\\/ca\\\/\",\"logo\":{\"@type\":\"ImageObject\",\"inLanguage\":\"ca\",\"@id\":\"https:\\\/\\\/elxverdaineta.es\\\/ca\\\/#\\\/schema\\\/logo\\\/image\\\/\",\"url\":\"https:\\\/\\\/elxverdaineta.es\\\/wp-content\\\/uploads\\\/2022\\\/01\\\/logo-elx-verda-i-neta.png\",\"contentUrl\":\"https:\\\/\\\/elxverdaineta.es\\\/wp-content\\\/uploads\\\/2022\\\/01\\\/logo-elx-verda-i-neta.png\",\"width\":359,\"height\":264,\"caption\":\"Elx verda i neta\"},\"image\":{\"@id\":\"https:\\\/\\\/elxverdaineta.es\\\/ca\\\/#\\\/schema\\\/logo\\\/image\\\/\"},\"sameAs\":[\"https:\\\/\\\/www.facebook.com\\\/elxverdaineta\\\/\",\"https:\\\/\\\/x.com\\\/elxverdaineta\"]}]}<\/script>\n<!-- \/ Yoast SEO plugin. -->","yoast_head_json":{"title":"Av\u00eds legal - Elx verda i neta","robots":{"index":"index","follow":"follow","max-snippet":"max-snippet:-1","max-image-preview":"max-image-preview:large","max-video-preview":"max-video-preview:-1"},"canonical":"https:\/\/elxverdaineta.es\/ca\/avis-legal\/","og_locale":"ca_ES","og_type":"article","og_title":"Av\u00eds legal - Elx verda i neta","og_description":"[vc_row css_animation=&#8221;&#8221; row_type=&#8221;row&#8221; use_row_as_full_screen_section=&#8221;no&#8221; type=&#8221;full_width&#8221; angled_section=&#8221;no&#8221; text_align=&#8221;left&#8221; background_image_as_pattern=&#8221;without_pattern&#8221; css=&#8221;.vc_custom_1645775228465{padding-top: 100px !important;}&#8221; z_index=&#8221;&#8221;][vc_column][vc_column_text]*Desc\u00e0rrega de responsabilitat: Aquest text legal escrit en valenci\u00e0 \u00e9s nom\u00e9s per a prop\u00f2sits de traducci\u00f3 i nom\u00e9s pret\u00e9n ajudar el lector de parla valenciana a llegir-ho en el seu idioma predilecte. Quan es...","og_url":"https:\/\/elxverdaineta.es\/ca\/avis-legal\/","og_site_name":"Elx verda i neta","article_publisher":"https:\/\/www.facebook.com\/elxverdaineta\/","article_modified_time":"2022-02-25T07:47:10+00:00","twitter_card":"summary_large_image","twitter_site":"@elxverdaineta","twitter_misc":{"Temps estimat de lectura":"3 minuts"},"schema":{"@context":"https:\/\/schema.org","@graph":[{"@type":"WebPage","@id":"https:\/\/elxverdaineta.es\/ca\/avis-legal\/","url":"https:\/\/elxverdaineta.es\/ca\/avis-legal\/","name":"Av\u00eds legal - Elx verda i neta","isPartOf":{"@id":"https:\/\/elxverdaineta.es\/ca\/#website"},"datePublished":"2022-02-22T17:33:45+00:00","dateModified":"2022-02-25T07:47:10+00:00","breadcrumb":{"@id":"https:\/\/elxverdaineta.es\/ca\/avis-legal\/#breadcrumb"},"inLanguage":"ca","potentialAction":[{"@type":"ReadAction","target":["https:\/\/elxverdaineta.es\/ca\/avis-legal\/"]}]},{"@type":"BreadcrumbList","@id":"https:\/\/elxverdaineta.es\/ca\/avis-legal\/#breadcrumb","itemListElement":[{"@type":"ListItem","position":1,"name":"Inici","item":"https:\/\/elxverdaineta.es\/ca\/"},{"@type":"ListItem","position":2,"name":"Av\u00eds legal"}]},{"@type":"WebSite","@id":"https:\/\/elxverdaineta.es\/ca\/#website","url":"https:\/\/elxverdaineta.es\/ca\/","name":"Elx verda i neta","description":"","publisher":{"@id":"https:\/\/elxverdaineta.es\/ca\/#organization"},"potentialAction":[{"@type":"SearchAction","target":{"@type":"EntryPoint","urlTemplate":"https:\/\/elxverdaineta.es\/ca\/?s={search_term_string}"},"query-input":{"@type":"PropertyValueSpecification","valueRequired":true,"valueName":"search_term_string"}}],"inLanguage":"ca"},{"@type":"Organization","@id":"https:\/\/elxverdaineta.es\/ca\/#organization","name":"Elx verda i neta","url":"https:\/\/elxverdaineta.es\/ca\/","logo":{"@type":"ImageObject","inLanguage":"ca","@id":"https:\/\/elxverdaineta.es\/ca\/#\/schema\/logo\/image\/","url":"https:\/\/elxverdaineta.es\/wp-content\/uploads\/2022\/01\/logo-elx-verda-i-neta.png","contentUrl":"https:\/\/elxverdaineta.es\/wp-content\/uploads\/2022\/01\/logo-elx-verda-i-neta.png","width":359,"height":264,"caption":"Elx verda i neta"},"image":{"@id":"https:\/\/elxverdaineta.es\/ca\/#\/schema\/logo\/image\/"},"sameAs":["https:\/\/www.facebook.com\/elxverdaineta\/","https:\/\/x.com\/elxverdaineta"]}]}},"_links":{"self":[{"href":"https:\/\/elxverdaineta.es\/ca\/wp-json\/wp\/v2\/pages\/525","targetHints":{"allow":["GET"]}}],"collection":[{"href":"https:\/\/elxverdaineta.es\/ca\/wp-json\/wp\/v2\/pages"}],"about":[{"href":"https:\/\/elxverdaineta.es\/ca\/wp-json\/wp\/v2\/types\/page"}],"author":[{"embeddable":true,"href":"https:\/\/elxverdaineta.es\/ca\/wp-json\/wp\/v2\/users\/1"}],"replies":[{"embeddable":true,"href":"https:\/\/elxverdaineta.es\/ca\/wp-json\/wp\/v2\/comments?post=525"}],"version-history":[{"count":8,"href":"https:\/\/elxverdaineta.es\/ca\/wp-json\/wp\/v2\/pages\/525\/revisions"}],"predecessor-version":[{"id":728,"href":"https:\/\/elxverdaineta.es\/ca\/wp-json\/wp\/v2\/pages\/525\/revisions\/728"}],"wp:attachment":[{"href":"https:\/\/elxverdaineta.es\/ca\/wp-json\/wp\/v2\/media?parent=525"}],"curies":[{"name":"wp","href":"https:\/\/api.w.org\/{rel}","templated":true}]}}