{"id":524,"date":"2022-02-22T18:32:34","date_gmt":"2022-02-22T17:32:34","guid":{"rendered":"https:\/\/elxverdaineta.es\/?page_id=524"},"modified":"2022-02-25T09:05:53","modified_gmt":"2022-02-25T08:05:53","slug":"politica-de-privacitat","status":"publish","type":"page","link":"https:\/\/elxverdaineta.es\/ca\/politica-de-privacitat\/","title":{"rendered":"Pol\u00edtica de privacitat"},"content":{"rendered":"<div class=\"wpb-content-wrapper\"><p>[vc_row css_animation=&#8221;&#8221; row_type=&#8221;row&#8221; use_row_as_full_screen_section=&#8221;no&#8221; type=&#8221;full_width&#8221; angled_section=&#8221;no&#8221; text_align=&#8221;left&#8221; background_image_as_pattern=&#8221;without_pattern&#8221; z_index=&#8221;&#8221;][vc_column][vc_column_text]<strong>*Desc\u00e0rrega de responsabilitat<\/strong>: Aquest text legal escrit en valenci\u00e0 \u00e9s nom\u00e9s per a prop\u00f2sits de traducci\u00f3 i nom\u00e9s pret\u00e9n ajudar el lector de parla valenciana a llegir-ho en el seu idioma predilecte. Quan es produeixen inconsist\u00e8ncies en el significat durant la lectura d&#8217;aquest text, la versi\u00f3 en castell\u00e0 t\u00e9 prioritat.<\/p>\n<p>&nbsp;<\/p>\n<p><strong><u>TRACTAMENTS DE DADES PERSONALS<\/u><\/strong><\/p>\n<p>Se l&#8217;informa que, a trav\u00e9s del present portal web no es recopila cap informaci\u00f3 de car\u00e0cter personal a excepci\u00f3 de les cookies que s&#8217;instal\u00b7laran en el seu dispositiu. M\u00e9s informaci\u00f3 sobre les cookies, en la pol\u00edtica de cookies situada en el present portal web.<\/p>\n<p>&nbsp;<\/p>\n<p><strong><u>DRETS<\/u><\/strong><\/p>\n<p>Les dades recaptades i tractats es conservaran per un termini de temps limitat, aquest termini ser\u00e0 el necessari per a complir les obligacions legals imposades a UTE Elx per les diferents normatives aplicables.<\/p>\n<p>L&#8217;usuari com a interessat pot exercir en tot moment els seg\u00fcents drets en la direcci\u00f3 indicada en l&#8217;Av\u00eds Legal:<\/p>\n<p>Dret d&#8217;acc\u00e9s: l&#8217;interessat podr\u00e0 sol\u00b7licitar al Responsable les dades tractades i en cas afirmatiu quines dades personals concrets s\u00f3n tractats.<\/p>\n<p>Dret de rectificaci\u00f3: l&#8217;interessat podr\u00e0 sol\u00b7licitar al Responsable la correcci\u00f3 de les seues dades personals en cas de no ser exactes.<\/p>\n<p>Dret de supressi\u00f3: l&#8217;interessat podr\u00e0 sol\u00b7licitar al Responsable l&#8217;esborrat de les seues dades personals.<\/p>\n<p>Dret d&#8217;oposici\u00f3: l&#8217;interessat podr\u00e0 oposar-se al fet que el Responsable realitze un tractament de les seues dades personals.<\/p>\n<p>Dret a la limitaci\u00f3 del tractament: l&#8217;interessat podr\u00e0 sol\u00b7licitar al Responsable que temporalment no tracte les seues dades personals en uns sup\u00f2sits concrets.<\/p>\n<p>Dret a la portabilitat: l&#8217;interessat podr\u00e0 sol\u00b7licitar al Responsable les seues dades automatitzades en un format estructurat de f\u00e0cil acc\u00e9s i maneig.<\/p>\n<p>M\u00e9s informaci\u00f3 sobre els seus drets en www.agpd.es.<\/p>\n<p>Aix\u00ed mateix, t\u00e9 dret a presentar una reclamaci\u00f3 davant l&#8217;Ag\u00e8ncia Espanyola de Protecci\u00f3 de Dades.<\/p>\n<p>&nbsp;<\/p>\n<p><strong><u>COOKIES<\/u><\/strong><\/p>\n<p>Les dades que seran emmagatzemats en cada \u201ccookie\u201d s\u00f3n els seg\u00fcents: idioma, data i hora de l&#8217;\u00faltima vegada que l&#8217;usuari va visitar el nostre Web, disseny de continguts que l&#8217;usuari va triar en la seua primera visita al nostre Web i elements de seguretat que intervenen en el control d&#8217;acc\u00e9s a les \u00e0rees restringides.<\/p>\n<p>Des d&#8217;aquest lloc web estudiem les prefer\u00e8ncies dels nostres usuaris (caracter\u00edstiques demogr\u00e0fiques, els seus patrons de tr\u00e0nsit i una altra informaci\u00f3 en conjunt per a comprendre el comportament i el perfil dels nostres usuaris). El rastreig de les prefer\u00e8ncies dels nostres usuaris ens ajuda per a millorar la nostra P\u00e0gina aix\u00ed com els nostres serveis.<\/p>\n<p>Per a aix\u00f2, utilitzem el sistema Google Analytics (eina de Google per al mesurament del tr\u00e0nsit de les P\u00e0gines Web), el qual pot emmagatzemar cookies en el seu ordinador per a ajudar-nos a recopilar informaci\u00f3 que ser\u00e0 utilitzada \u00fanicament amb finalitats estad\u00edstiques i d&#8217;estudi del comportament dels usuaris del nostre lloc web. La informaci\u00f3 que recopila la cookie (inclosa la IP) \u00e9s emmagatzemada i transmesa cap als servidors de Google als Estats Units. Google utilitzar\u00e0 aquestes dades per a recopilar la seua activitat en el nostre lloc i generar informes amb el prop\u00f2sit d&#8217;identificar l&#8217;\u00fas que fa del lloc. Google podr\u00e0 proporcionar aquesta informaci\u00f3 a tercers quan aix\u00ed ho requerisca la legislaci\u00f3 vigente. L&#8217;acceptaci\u00f3 d&#8217;aquesta pol\u00edtica suposa l&#8217;acceptaci\u00f3 de l&#8217;\u00fas per part de Google de la informaci\u00f3 recollida per Google Analytics.<\/p>\n<p>Vost\u00e9 pot configurar el seu navegador per a rebutjar l&#8217;emmagatzematge de les cookies en el seu ordinador. Pot obtindre m\u00e9s informaci\u00f3 en la nostra Pol\u00edtica de Cookies.<\/p>\n<p>&nbsp;<\/p>\n<p><strong><u>Informaci\u00f3 COMPLETA SOBRE EL TRACTAMENT DE DADES PERSONALS<\/u><\/strong><\/p>\n<p><strong><u>RESPONSABLE DEL TRACTAMENT<\/u><\/strong><\/p>\n<p><strong>Qui \u00e9s el responsable del tractament de les seues dades?<\/strong><\/p>\n<p>&#8211; Identitat: UTE Elx<\/p>\n<p>&#8211; Dir. Postal: Partida Vallongas, 45, 03291 Elx, Alacant<\/p>\n<p>&#8211; Correu electr\u00f2nic: <a href=\"mailto:info@elxverdaineta.es\">info@elxverdaineta.es<\/a><\/p>\n<p>&nbsp;<\/p>\n<p><strong><u>FINALITAT DEL TRACTAMENT<\/u><\/strong><\/p>\n<p><strong>Amb quina finalitat tractem les seues dades personals?<\/strong><\/p>\n<p>En UTE Elx tractem la informaci\u00f3 que ens faciliten les persones interessades amb els seg\u00fcents fins:<\/p>\n<p>&#8211; Gesti\u00f3 i administraci\u00f3 de la relaci\u00f3 contractual establida amb <strong>prove\u00efdors, clients i empleats.<\/strong><\/p>\n<p>&#8211; <strong>Videovigil\u00e0ncia <\/strong>de les instal\u00b7lacions en el cas que Vost\u00e9 accedisca a les nostres instal\u00b7lacions<\/p>\n<p>&#8211; Avaluar la seua candidatura davant una futura vacant per a un lloc de treball, en cas d&#8217;haver-nos facilitat el seu <strong>C.V.<\/strong><\/p>\n<p><strong>Quant temps conservarem les seues dades?<\/strong><\/p>\n<p>Les dades personals proporcionades es conservaran:<\/p>\n<p>a) Mentre es mantinga la relaci\u00f3 mercantil.<\/p>\n<p>b) No se sol\u00b7licite la seua supressi\u00f3 per l&#8217;interessat.<\/p>\n<p>c) La informaci\u00f3 que per imperatiu legal haja de conservar-se un temps espec\u00edfic no s&#8217;eliminar\u00e0 fins que transc\u00f3rrega el temps indicat en la llei.<\/p>\n<p>&nbsp;<\/p>\n<p><strong><u>LEGITIMACI\u00d3 DEL TRACTAMENT<\/u><\/strong><\/p>\n<p><strong>Quina \u00e9s la legitimaci\u00f3 per al tractament de les seues dades?<\/strong><\/p>\n<p>La base legal per al tractament de les seues dades \u00e9s la seg\u00fcent:<\/p>\n<p>&#8211; Execuci\u00f3 del contracte en el cas que Vost\u00e9 siga <strong>empleat client, prove\u00efdor.<\/strong><\/p>\n<p>&#8211; Inter\u00e9s leg\u00edtim en el cas que haja sigut gravat per les c\u00e0meres de <strong>videovigil\u00e0ncia<\/strong>.<\/p>\n<p>&#8211; Consentiment de l&#8217;interessat en el cas que haja enviat el seu <strong>C.V.<\/strong>[\/vc_column_text][vc_single_image image=&#8221;49&#8243; img_size=&#8221;full&#8221; qode_css_animation=&#8221;&#8221; css=&#8221;.vc_custom_1645775989173{margin-top: 50px !important;margin-bottom: 50px !important;}&#8221;][vc_column_text]<strong><u>DRETS DELS INTERESSATS<\/u><\/strong><\/p>\n<p><strong>Quins s\u00f3n els seus drets?<\/strong><\/p>\n<p>Qualsevol persona t\u00e9 dret a obtindre confirmaci\u00f3 sobre si en UTE Elx estem tractant dades personals que els concernisquen, o no.<\/p>\n<p><em><u>Dret d&#8217;acc\u00e9s:<\/u><\/em>\u00a0l&#8217;interessat podr\u00e0 sol\u00b7licitar al Responsable les dades tractades i en cas afirmatiu quines dades personals concrets s\u00f3n tractats.<\/p>\n<p><em><u>Dret de rectificaci\u00f3<\/u><\/em>: l&#8217;interessat podr\u00e0 sol\u00b7licitar al Responsable la correcci\u00f3 de les seues dades personals en cas de no ser exactes.<\/p>\n<p>Dret de supressi\u00f3: l&#8217;interessat podr\u00e0 sol\u00b7licitar al Responsable l&#8217;esborrat de les seues dades personals quan, entre altres motius, les dades ja no siguen necessaris per als fins per als quals van ser recollits.<\/p>\n<p><em><u>Dret d&#8217;oposici\u00f3<\/u><\/em>: l&#8217;interessat podr\u00e0 oposar-se al fet que el Responsable realitze un tractament de les seues dades personals.<\/p>\n<p><em><u>Dret a la limitaci\u00f3 del tractament<\/u><\/em>: l&#8217;interessat podr\u00e0 sol\u00b7licitar al Responsable que temporalment no tracte les seues dades personals en uns sup\u00f2sits concrets.<\/p>\n<p><em><u>Dret a la portabilitat:<\/u><\/em> l&#8217;interessat podr\u00e0 sol\u00b7licitar al Responsable les seues dades automatitzades en un format estructurat de f\u00e0cil acc\u00e9s i maneig.<\/p>\n<p>&nbsp;<\/p>\n<p><strong>Com es poden exercir els drets?<\/strong><\/p>\n<p>Mitjan\u00e7ant un escrit dirigit a UTE Elx, Partida Vallongas, 45, 03291 Elx, Alacant<\/p>\n<p>&nbsp;<\/p>\n<p><strong>Quines vies de reclamaci\u00f3 existeixen?<\/strong><\/p>\n<p>Si considera que els seus drets no s&#8217;han at\u00e9s degudament, t\u00e9 dret a presentar una reclamaci\u00f3 a l&#8217;Ag\u00e8ncia Espanyola de Protecci\u00f3 de Dades, C\/ Jorge Juan, 6. 28001 &#8211; Madrid.[\/vc_column_text][vc_empty_space height=&#8221;50px&#8221;][\/vc_column][\/vc_row]<\/p>\n<\/div>","protected":false},"excerpt":{"rendered":"<p>[vc_row css_animation=&#8221;&#8221; row_type=&#8221;row&#8221; use_row_as_full_screen_section=&#8221;no&#8221; type=&#8221;full_width&#8221; angled_section=&#8221;no&#8221; text_align=&#8221;left&#8221; background_image_as_pattern=&#8221;without_pattern&#8221; z_index=&#8221;&#8221;][vc_column][vc_column_text]*Desc\u00e0rrega de responsabilitat: Aquest text legal escrit en valenci\u00e0 \u00e9s nom\u00e9s per a prop\u00f2sits de traducci\u00f3 i nom\u00e9s pret\u00e9n ajudar el lector de parla valenciana a llegir-ho en el seu idioma predilecte. Quan es produeixen inconsist\u00e8ncies en&#8230;<\/p>\n","protected":false},"author":1,"featured_media":0,"parent":0,"menu_order":0,"comment_status":"closed","ping_status":"open","template":"","meta":{"rs_blank_template":"","rs_page_bg_color":"","slide_template_v7":"","footnotes":""},"class_list":["post-524","page","type-page","status-publish","hentry"],"yoast_head":"<!-- This site is optimized with the Yoast SEO plugin v27.4 - https:\/\/yoast.com\/product\/yoast-seo-wordpress\/ -->\n<title>Pol\u00edtica de privacitat - Elx verda i neta<\/title>\n<meta name=\"robots\" content=\"index, follow, max-snippet:-1, max-image-preview:large, max-video-preview:-1\" \/>\n<link rel=\"canonical\" href=\"https:\/\/elxverdaineta.es\/ca\/politica-de-privacitat\/\" \/>\n<meta property=\"og:locale\" content=\"ca_ES\" \/>\n<meta property=\"og:type\" content=\"article\" \/>\n<meta property=\"og:title\" content=\"Pol\u00edtica de privacitat - Elx verda i neta\" \/>\n<meta property=\"og:description\" content=\"[vc_row css_animation=&#8221;&#8221; row_type=&#8221;row&#8221; use_row_as_full_screen_section=&#8221;no&#8221; type=&#8221;full_width&#8221; angled_section=&#8221;no&#8221; text_align=&#8221;left&#8221; background_image_as_pattern=&#8221;without_pattern&#8221; z_index=&#8221;&#8221;][vc_column][vc_column_text]*Desc\u00e0rrega de responsabilitat: Aquest text legal escrit en valenci\u00e0 \u00e9s nom\u00e9s per a prop\u00f2sits de traducci\u00f3 i nom\u00e9s pret\u00e9n ajudar el lector de parla valenciana a llegir-ho en el seu idioma predilecte. Quan es produeixen inconsist\u00e8ncies en...\" \/>\n<meta property=\"og:url\" content=\"https:\/\/elxverdaineta.es\/ca\/politica-de-privacitat\/\" \/>\n<meta property=\"og:site_name\" content=\"Elx verda i neta\" \/>\n<meta property=\"article:publisher\" content=\"https:\/\/www.facebook.com\/elxverdaineta\/\" \/>\n<meta property=\"article:modified_time\" content=\"2022-02-25T08:05:53+00:00\" \/>\n<meta name=\"twitter:card\" content=\"summary_large_image\" \/>\n<meta name=\"twitter:site\" content=\"@elxverdaineta\" \/>\n<meta name=\"twitter:label1\" content=\"Temps estimat de lectura\" \/>\n\t<meta name=\"twitter:data1\" content=\"5 minuts\" \/>\n<script type=\"application\/ld+json\" class=\"yoast-schema-graph\">{\"@context\":\"https:\\\/\\\/schema.org\",\"@graph\":[{\"@type\":\"WebPage\",\"@id\":\"https:\\\/\\\/elxverdaineta.es\\\/ca\\\/politica-de-privacitat\\\/\",\"url\":\"https:\\\/\\\/elxverdaineta.es\\\/ca\\\/politica-de-privacitat\\\/\",\"name\":\"Pol\u00edtica de privacitat - Elx verda i neta\",\"isPartOf\":{\"@id\":\"https:\\\/\\\/elxverdaineta.es\\\/ca\\\/#website\"},\"datePublished\":\"2022-02-22T17:32:34+00:00\",\"dateModified\":\"2022-02-25T08:05:53+00:00\",\"breadcrumb\":{\"@id\":\"https:\\\/\\\/elxverdaineta.es\\\/ca\\\/politica-de-privacitat\\\/#breadcrumb\"},\"inLanguage\":\"ca\",\"potentialAction\":[{\"@type\":\"ReadAction\",\"target\":[\"https:\\\/\\\/elxverdaineta.es\\\/ca\\\/politica-de-privacitat\\\/\"]}]},{\"@type\":\"BreadcrumbList\",\"@id\":\"https:\\\/\\\/elxverdaineta.es\\\/ca\\\/politica-de-privacitat\\\/#breadcrumb\",\"itemListElement\":[{\"@type\":\"ListItem\",\"position\":1,\"name\":\"Inici\",\"item\":\"https:\\\/\\\/elxverdaineta.es\\\/ca\\\/\"},{\"@type\":\"ListItem\",\"position\":2,\"name\":\"Pol\u00edtica de privacitat\"}]},{\"@type\":\"WebSite\",\"@id\":\"https:\\\/\\\/elxverdaineta.es\\\/ca\\\/#website\",\"url\":\"https:\\\/\\\/elxverdaineta.es\\\/ca\\\/\",\"name\":\"Elx verda i neta\",\"description\":\"\",\"publisher\":{\"@id\":\"https:\\\/\\\/elxverdaineta.es\\\/ca\\\/#organization\"},\"potentialAction\":[{\"@type\":\"SearchAction\",\"target\":{\"@type\":\"EntryPoint\",\"urlTemplate\":\"https:\\\/\\\/elxverdaineta.es\\\/ca\\\/?s={search_term_string}\"},\"query-input\":{\"@type\":\"PropertyValueSpecification\",\"valueRequired\":true,\"valueName\":\"search_term_string\"}}],\"inLanguage\":\"ca\"},{\"@type\":\"Organization\",\"@id\":\"https:\\\/\\\/elxverdaineta.es\\\/ca\\\/#organization\",\"name\":\"Elx verda i neta\",\"url\":\"https:\\\/\\\/elxverdaineta.es\\\/ca\\\/\",\"logo\":{\"@type\":\"ImageObject\",\"inLanguage\":\"ca\",\"@id\":\"https:\\\/\\\/elxverdaineta.es\\\/ca\\\/#\\\/schema\\\/logo\\\/image\\\/\",\"url\":\"https:\\\/\\\/elxverdaineta.es\\\/wp-content\\\/uploads\\\/2022\\\/01\\\/logo-elx-verda-i-neta.png\",\"contentUrl\":\"https:\\\/\\\/elxverdaineta.es\\\/wp-content\\\/uploads\\\/2022\\\/01\\\/logo-elx-verda-i-neta.png\",\"width\":359,\"height\":264,\"caption\":\"Elx verda i neta\"},\"image\":{\"@id\":\"https:\\\/\\\/elxverdaineta.es\\\/ca\\\/#\\\/schema\\\/logo\\\/image\\\/\"},\"sameAs\":[\"https:\\\/\\\/www.facebook.com\\\/elxverdaineta\\\/\",\"https:\\\/\\\/x.com\\\/elxverdaineta\"]}]}<\/script>\n<!-- \/ Yoast SEO plugin. -->","yoast_head_json":{"title":"Pol\u00edtica de privacitat - Elx verda i neta","robots":{"index":"index","follow":"follow","max-snippet":"max-snippet:-1","max-image-preview":"max-image-preview:large","max-video-preview":"max-video-preview:-1"},"canonical":"https:\/\/elxverdaineta.es\/ca\/politica-de-privacitat\/","og_locale":"ca_ES","og_type":"article","og_title":"Pol\u00edtica de privacitat - Elx verda i neta","og_description":"[vc_row css_animation=&#8221;&#8221; row_type=&#8221;row&#8221; use_row_as_full_screen_section=&#8221;no&#8221; type=&#8221;full_width&#8221; angled_section=&#8221;no&#8221; text_align=&#8221;left&#8221; background_image_as_pattern=&#8221;without_pattern&#8221; z_index=&#8221;&#8221;][vc_column][vc_column_text]*Desc\u00e0rrega de responsabilitat: Aquest text legal escrit en valenci\u00e0 \u00e9s nom\u00e9s per a prop\u00f2sits de traducci\u00f3 i nom\u00e9s pret\u00e9n ajudar el lector de parla valenciana a llegir-ho en el seu idioma predilecte. Quan es produeixen inconsist\u00e8ncies en...","og_url":"https:\/\/elxverdaineta.es\/ca\/politica-de-privacitat\/","og_site_name":"Elx verda i neta","article_publisher":"https:\/\/www.facebook.com\/elxverdaineta\/","article_modified_time":"2022-02-25T08:05:53+00:00","twitter_card":"summary_large_image","twitter_site":"@elxverdaineta","twitter_misc":{"Temps estimat de lectura":"5 minuts"},"schema":{"@context":"https:\/\/schema.org","@graph":[{"@type":"WebPage","@id":"https:\/\/elxverdaineta.es\/ca\/politica-de-privacitat\/","url":"https:\/\/elxverdaineta.es\/ca\/politica-de-privacitat\/","name":"Pol\u00edtica de privacitat - Elx verda i neta","isPartOf":{"@id":"https:\/\/elxverdaineta.es\/ca\/#website"},"datePublished":"2022-02-22T17:32:34+00:00","dateModified":"2022-02-25T08:05:53+00:00","breadcrumb":{"@id":"https:\/\/elxverdaineta.es\/ca\/politica-de-privacitat\/#breadcrumb"},"inLanguage":"ca","potentialAction":[{"@type":"ReadAction","target":["https:\/\/elxverdaineta.es\/ca\/politica-de-privacitat\/"]}]},{"@type":"BreadcrumbList","@id":"https:\/\/elxverdaineta.es\/ca\/politica-de-privacitat\/#breadcrumb","itemListElement":[{"@type":"ListItem","position":1,"name":"Inici","item":"https:\/\/elxverdaineta.es\/ca\/"},{"@type":"ListItem","position":2,"name":"Pol\u00edtica de privacitat"}]},{"@type":"WebSite","@id":"https:\/\/elxverdaineta.es\/ca\/#website","url":"https:\/\/elxverdaineta.es\/ca\/","name":"Elx verda i neta","description":"","publisher":{"@id":"https:\/\/elxverdaineta.es\/ca\/#organization"},"potentialAction":[{"@type":"SearchAction","target":{"@type":"EntryPoint","urlTemplate":"https:\/\/elxverdaineta.es\/ca\/?s={search_term_string}"},"query-input":{"@type":"PropertyValueSpecification","valueRequired":true,"valueName":"search_term_string"}}],"inLanguage":"ca"},{"@type":"Organization","@id":"https:\/\/elxverdaineta.es\/ca\/#organization","name":"Elx verda i neta","url":"https:\/\/elxverdaineta.es\/ca\/","logo":{"@type":"ImageObject","inLanguage":"ca","@id":"https:\/\/elxverdaineta.es\/ca\/#\/schema\/logo\/image\/","url":"https:\/\/elxverdaineta.es\/wp-content\/uploads\/2022\/01\/logo-elx-verda-i-neta.png","contentUrl":"https:\/\/elxverdaineta.es\/wp-content\/uploads\/2022\/01\/logo-elx-verda-i-neta.png","width":359,"height":264,"caption":"Elx verda i neta"},"image":{"@id":"https:\/\/elxverdaineta.es\/ca\/#\/schema\/logo\/image\/"},"sameAs":["https:\/\/www.facebook.com\/elxverdaineta\/","https:\/\/x.com\/elxverdaineta"]}]}},"_links":{"self":[{"href":"https:\/\/elxverdaineta.es\/ca\/wp-json\/wp\/v2\/pages\/524","targetHints":{"allow":["GET"]}}],"collection":[{"href":"https:\/\/elxverdaineta.es\/ca\/wp-json\/wp\/v2\/pages"}],"about":[{"href":"https:\/\/elxverdaineta.es\/ca\/wp-json\/wp\/v2\/types\/page"}],"author":[{"embeddable":true,"href":"https:\/\/elxverdaineta.es\/ca\/wp-json\/wp\/v2\/users\/1"}],"replies":[{"embeddable":true,"href":"https:\/\/elxverdaineta.es\/ca\/wp-json\/wp\/v2\/comments?post=524"}],"version-history":[{"count":11,"href":"https:\/\/elxverdaineta.es\/ca\/wp-json\/wp\/v2\/pages\/524\/revisions"}],"predecessor-version":[{"id":734,"href":"https:\/\/elxverdaineta.es\/ca\/wp-json\/wp\/v2\/pages\/524\/revisions\/734"}],"wp:attachment":[{"href":"https:\/\/elxverdaineta.es\/ca\/wp-json\/wp\/v2\/media?parent=524"}],"curies":[{"name":"wp","href":"https:\/\/api.w.org\/{rel}","templated":true}]}}