{"id":522,"date":"2022-02-22T18:30:05","date_gmt":"2022-02-22T17:30:05","guid":{"rendered":"https:\/\/elxverdaineta.es\/?page_id=522"},"modified":"2022-02-25T09:29:31","modified_gmt":"2022-02-25T08:29:31","slug":"politica-de-cookies","status":"publish","type":"page","link":"https:\/\/elxverdaineta.es\/ca\/politica-de-cookies\/","title":{"rendered":"Pol\u00edtica de cookies"},"content":{"rendered":"<div class=\"wpb-content-wrapper\"><p>[vc_row css_animation=&#8221;&#8221; row_type=&#8221;row&#8221; use_row_as_full_screen_section=&#8221;no&#8221; type=&#8221;full_width&#8221; angled_section=&#8221;no&#8221; text_align=&#8221;left&#8221; background_image_as_pattern=&#8221;without_pattern&#8221; z_index=&#8221;&#8221;][vc_column][vc_column_text]<strong>*Desc\u00e0rrega de responsabilitat<\/strong>: Aquest text legal escrit en valenci\u00e0 \u00e9s nom\u00e9s per a prop\u00f2sits de traducci\u00f3 i nom\u00e9s pret\u00e9n ajudar el lector de parla valenciana a llegir-ho en el seu idioma predilecte. Quan es produeixen inconsist\u00e8ncies en el significat durant la lectura d&#8217;aquest text, la versi\u00f3 en castell\u00e0 t\u00e9 prioritat.<\/p>\n<p>&nbsp;<\/p>\n<p>A trav\u00e9s d&#8217;aquesta pol\u00edtica, UTE Elx com a responsable del domini www.elxverdaineta.es, oferim a l&#8217;usuari de la p\u00e0gina informaci\u00f3 sobre el tractament de les seues dades que realitzem a trav\u00e9s de l&#8217;\u00fas de \u201ccookies\u201d i\/o tecnologies similars.<\/p>\n<p>&nbsp;<\/p>\n<h3>Qu\u00e8 \u00e9s una Cookie?<\/h3>\n<p>Aquest lloc web utilitza cookies i\/o tecnologies similars que emmagatzemen i recuperen informaci\u00f3 quan navegues. En general, aquestes tecnologies poden servir per a finalitats molt diverses, com, per exemple, recon\u00e9ixer-te com a usuari, obtindre informaci\u00f3 sobre els teus h\u00e0bits de navegaci\u00f3, o personalitzar la forma en qu\u00e8 es mostra el contingut. Els usos concrets que fem d&#8217;aquestes tecnologies es descriuen a continuaci\u00f3.<\/p>\n<p>&nbsp;<\/p>\n<h3>Quins tipus de cookies utilitzem? En aquest lloc s&#8217;utilitzen els seg\u00fcents tipus de cookies:<\/h3>\n<p>Per propietari: Cookies Pr\u00f2pies: s\u00f3n aquelles que s&#8217;envien a l&#8217;equip terminal de l&#8217;usuari des d&#8217;un equip o domini gestionat pel propi editor i des del qual es presta el servei sol\u00b7licitat per l&#8217;usuari. Cookies de Tercers: s\u00f3n aquelles que s&#8217;envien a l&#8217;equip terminal de l&#8217;usuari des d&#8217;un equip o domini que no \u00e9s gestionat per l&#8217;editor, sin\u00f3 per una altra entitat que tracta les dades obtingudes trav\u00e9s de les cookies<\/p>\n<p>Per finalitat: Cookies T\u00e8cniques: s\u00f3n aquelles que permeten a l&#8217;usuari la navegaci\u00f3 a trav\u00e9s d&#8217;una p\u00e0gina web, plataforma o aplicaci\u00f3 i la utilitzaci\u00f3 de les diferents opcions o serveis que en ella existisquen, incloent aquelles que l&#8217;editor utilitza per a permetre la gesti\u00f3 i operativa de la p\u00e0gina web i habilitar les seues funcions i serveis.<\/p>\n<p>Cookies Anal\u00edtiques: s\u00f3n aquelles que permeten al responsable de les mateixes el seguiment i an\u00e0lisi del comportament dels usuaris dels llocs web als quals estan vinculades, inclosa la quantificaci\u00f3 dels impactes dels anuncis. La informaci\u00f3 recollida mitjan\u00e7ant aquesta mena de cookies s&#8217;utilitza en el mesurament de l&#8217;activitat dels llocs web, aplicaci\u00f3 o plataforma, amb la finalitat d&#8217;introduir millores en funci\u00f3 de l&#8217;an\u00e0lisi de les dades d&#8217;\u00fas que fan els usuaris del servei.<\/p>\n<p>Cookies publicit\u00e0ries: s\u00f3n aquelles que emmagatzemen informaci\u00f3 del comportament dels usuaris obtinguda a trav\u00e9s de l&#8217;observaci\u00f3 continuada dels seus h\u00e0bits de navegaci\u00f3, la qual cosa permet desenvolupar un perfil espec\u00edfic per a mostrar publicitat en funci\u00f3 d&#8217;aquest. Cookies de personalitzaci\u00f3: s\u00f3n aquelles que permeten recordar informaci\u00f3 perqu\u00e8 l&#8217;usuari accedisca al servei amb determinades caracter\u00edstiques que poden diferenciar la seua experi\u00e8ncia de la d&#8217;altres usuaris, com, per exemple, l&#8217;idioma.<\/p>\n<p>Pel temps que romanen actives: Cookies de sessi\u00f3: s\u00f3n aquelles dissenyades per a recaptar i emmagatzemar dades mentre l&#8217;usuari accedeix a una p\u00e0gina web. Se solen emprar per a emmagatzemar informaci\u00f3 que nom\u00e9s interessa conservar per a la prestaci\u00f3 del servei sol\u00b7licitat per l&#8217;usuari en una sola ocasi\u00f3 (per exemple, una llista de productes adquirits) i desapareixen en acabar la sessi\u00f3.<br \/>\nCookies persistents: s\u00f3n aquelles en les quals les dades segueixen emmagatzemats en el terminal i poden ser accedits i tractats durant un per\u00edode definit pel responsable de la cookie, i que pot anar d&#8217;uns minuts a diversos anys.<\/p>\n<p>&nbsp;<\/p>\n<h3>A continuaci\u00f3 indiquem el nom de cada cookie, la seua tipologia, la seua finalitat, l&#8217;entitat encarregada de la mateixa aix\u00ed com el seu temps de perman\u00e8ncia activada:<\/h3>\n<p><strong>ga<\/strong> Anal\u00edtica Aquesta cookie \u00e9s instal\u00b7lada per Google Analytics. La cookie s&#8217;utilitza per a calcular les dades de visitants, sessions, campanyes i realitzar un seguiment de l&#8217;\u00fas del lloc web per a l&#8217;informe anal\u00edtic d&#8217;aquest lloc web. Les cookies emmagatzemen informaci\u00f3 de manera an\u00f2nima i assignen un n\u00famero generat aleat\u00f2riament per a identificar visitants \u00fanics. Google 2 anys des d&#8217;inici de sessi\u00f3<\/p>\n<p><strong>gid<\/strong> Anal\u00edtica Aquesta cookie \u00e9s instal\u00b7lada per Google Analytics. La cookie s&#8217;utilitza per a emmagatzemar informaci\u00f3 sobre com els visitants usen el lloc web i ajuda a crear un informe anal\u00edtic de com est\u00e0 funcionant aquest lloc web. Les dades recopilades, inclosos el nombre de visitants, la font d&#8217;on provenen i les p\u00e0gines, van apar\u00e9ixer de manera an\u00f2nima. Google 24 hores<\/p>\n<p><strong>gat<\/strong> Anal\u00edtica Google Universal Analytics instal\u00b7la aquestes cookies per a reduir la velocitat de sol\u00b7licitud i limitar la recopilaci\u00f3 de dades en llocs d&#8217;alt tr\u00e0nsit. Google 1 minut<\/p>\n<p><strong>_gat_*gtag<\/strong> Google utilitza aquesta cookie per a distingir als usuaris Google 1 minut<\/p>\n<p><strong>utma <\/strong>Google Analytics utilitza aquesta cookie per a distingir usuaris i sessions. La cookie es crea quan s&#8217;executa la JavaScript i no s&#8217;utilitza la cookie __utma. La cookie s&#8217;actualitza cada vegada que s&#8217;envien dades a Google Analytics. Google 2 anys des d&#8217;inici de sessi\u00f3<\/p>\n<p><strong>utmc<\/strong> Google Analytics instal\u00b7la la cookie i l&#8217;elimina quan l&#8217;usuari tanca el navegador. La cookie no \u00e9s utilitzada per ga.js. La cookie s&#8217;usa per a habilitar la interoperabilitat amb urchin.js, que \u00e9s una versi\u00f3 anterior de Google Analytics i s&#8217;usa juntament amb la cookie __utmb per a determinar noves sessions \/ visites. Google Al tancament del navegador<\/p>\n<p><strong>utmz <\/strong>Google Analytics estableix aquesta cookie i la utilitza per a emmagatzemar la font de tr\u00e0nsit o la campanya a trav\u00e9s de la qual el visitant va arribar al lloc web. Google 6 mesos<\/p>\n<p><strong>utmb <\/strong>La cookie \u00e9s establida per Google Analytics. La cookie s&#8217;usa per a determinar noves sessions \/ visites. La cookie es crea quan s&#8217;executa JavaScript i no s&#8217;utilitza la cookie __utma. La cookie s&#8217;actualitza cada vegada que s&#8217;envien dades a Google Analytics. Google 30 minuts test_cookie Aquesta cookie \u00e9s establida per doubleclick.net. El prop\u00f2sit de la cookie \u00e9s determinar si el navegador dels usuaris admet cookies. Google 15 minuts<\/p>\n<p><strong>_fbp<\/strong> Publicit\u00e0ries Facebook configura aquesta cookie perqu\u00e8 entregue publicitat quan estan en Facebook o en una plataforma digital que funciona amb publicitat de Facebook despr\u00e9s de visitar aquest lloc web. Facebook 2 mesos fr Publicit\u00e0ries Facebook configura la cookie per a mostrar anuncis rellevants als usuaris i mesurar i millorar els anuncis. La cookie tamb\u00e9 rastreja el comportament de l&#8217;usuari en la web en llocs que tenen p\u00edxels de Facebook o complements socials de Facebook. Facebook 2 mesos<\/p>\n<p>&nbsp;<\/p>\n<p>() Prove\u00efdors no situats a la Uni\u00f3 Europea ni en pa\u00efsos amb legislaci\u00f3 equivalent en mat\u00e8ria de protecci\u00f3 de dades La informaci\u00f3 extreta a trav\u00e9s d&#8217;aquestes cookies s&#8217;emmagatzema en servidors de Google, situats als EUA, pa\u00eds en el qual la seua legislaci\u00f3 no garanteix un nivell adequat de protecci\u00f3 de dades a criteri de les autoritats europees. En prestar el seu consentiment a l&#8217;\u00fas d&#8217;aquestes cookies, vost\u00e9 consent tamb\u00e9 la transfer\u00e8ncia internacional de les seues dades a la companyia Google als Estats Units. Igualment, Google es troba adscrita a l&#8217;eina Web Choices, des de la qual, pot deshabilitar l&#8217;\u00fas de les seues cookies: http:\/\/optout.aboutads.info\/.<\/p>\n<p>&nbsp;<\/p>\n<h3>Puc desactivar-les?<\/h3>\n<p>Vost\u00e9 pot configurar el seu navegador per a rebutjar l&#8217;emmagatzematge de les cookies en el seu ordinador. Per a poder deshabilitar les cookies des dels navegadors pot trobar informaci\u00f3 sobre com fer-ho en el cas que s&#8217;use com a navegador:<\/p>\n<p>Firefox des d&#8217;ac\u00ed: http:\/\/support.mozilla.org\/es\/kb\/habilitar-y-deshabilitar-cookies-que-los-sitios-we<br \/>\nChrome des d&#8217;ac\u00ed: http:\/\/support.google.com\/chrome\/bin\/answer.py?hl=es&amp;answer=95647<br \/>\nExplorer des d&#8217;ac\u00ed: https:\/\/support.microsoft.com\/es-es\/help\/17442\/windows-internet-explorer-delete-manage-cookies<br \/>\nSafari des d&#8217;ac\u00ed: http:\/\/support.apple.com\/kb\/ph5042<br \/>\nOpera des d&#8217;ac\u00ed: http:\/\/help.opera.com\/windows\/11.50\/es-es\/cookies.html<\/p>\n<p>&nbsp;<\/p>\n<h3>M\u00e9s informaci\u00f3<\/h3>\n<p>Finalment, per a obtindre una informaci\u00f3 m\u00e9s exhaustiva sobre el tractament que UTE Elx realitza de les seues dades personals, sobre quins s\u00f3n els seus drets relacionats amb la protecci\u00f3 de dades o sobre quines cessions es duen a terme, pot consultar la nostra <a href=\"https:\/\/www.elxverdaineta.es\/politica-de-privacidad\/\">pol\u00edtica de privacitat<\/a>[\/vc_column_text][vc_empty_space height=&#8221;50px&#8221;][\/vc_column][\/vc_row]<\/p>\n<\/div>","protected":false},"excerpt":{"rendered":"<p>[vc_row css_animation=&#8221;&#8221; row_type=&#8221;row&#8221; use_row_as_full_screen_section=&#8221;no&#8221; type=&#8221;full_width&#8221; angled_section=&#8221;no&#8221; text_align=&#8221;left&#8221; background_image_as_pattern=&#8221;without_pattern&#8221; z_index=&#8221;&#8221;][vc_column][vc_column_text]*Desc\u00e0rrega de responsabilitat: Aquest text legal escrit en valenci\u00e0 \u00e9s nom\u00e9s per a prop\u00f2sits de traducci\u00f3 i nom\u00e9s pret\u00e9n ajudar el lector de parla valenciana a llegir-ho en el seu idioma predilecte. Quan es produeixen inconsist\u00e8ncies en&#8230;<\/p>\n","protected":false},"author":1,"featured_media":0,"parent":0,"menu_order":0,"comment_status":"closed","ping_status":"closed","template":"","meta":{"rs_blank_template":"","rs_page_bg_color":"","slide_template_v7":"","footnotes":""},"class_list":["post-522","page","type-page","status-publish","hentry"],"yoast_head":"<!-- This site is optimized with the Yoast SEO plugin v27.3 - https:\/\/yoast.com\/product\/yoast-seo-wordpress\/ -->\n<title>Pol\u00edtica de cookies - Elx verda i neta<\/title>\n<meta name=\"robots\" content=\"index, follow, max-snippet:-1, max-image-preview:large, max-video-preview:-1\" \/>\n<link rel=\"canonical\" href=\"https:\/\/elxverdaineta.es\/ca\/politica-de-cookies\/\" \/>\n<meta property=\"og:locale\" content=\"ca_ES\" \/>\n<meta property=\"og:type\" content=\"article\" \/>\n<meta property=\"og:title\" content=\"Pol\u00edtica de cookies - Elx verda i neta\" \/>\n<meta property=\"og:description\" content=\"[vc_row css_animation=&#8221;&#8221; row_type=&#8221;row&#8221; use_row_as_full_screen_section=&#8221;no&#8221; type=&#8221;full_width&#8221; angled_section=&#8221;no&#8221; text_align=&#8221;left&#8221; background_image_as_pattern=&#8221;without_pattern&#8221; z_index=&#8221;&#8221;][vc_column][vc_column_text]*Desc\u00e0rrega de responsabilitat: Aquest text legal escrit en valenci\u00e0 \u00e9s nom\u00e9s per a prop\u00f2sits de traducci\u00f3 i nom\u00e9s pret\u00e9n ajudar el lector de parla valenciana a llegir-ho en el seu idioma predilecte. Quan es produeixen inconsist\u00e8ncies en...\" \/>\n<meta property=\"og:url\" content=\"https:\/\/elxverdaineta.es\/ca\/politica-de-cookies\/\" \/>\n<meta property=\"og:site_name\" content=\"Elx verda i neta\" \/>\n<meta property=\"article:publisher\" content=\"https:\/\/www.facebook.com\/elxverdaineta\/\" \/>\n<meta property=\"article:modified_time\" content=\"2022-02-25T08:29:31+00:00\" \/>\n<meta name=\"twitter:card\" content=\"summary_large_image\" \/>\n<meta name=\"twitter:site\" content=\"@elxverdaineta\" \/>\n<meta name=\"twitter:label1\" content=\"Temps estimat de lectura\" \/>\n\t<meta name=\"twitter:data1\" content=\"6 minuts\" \/>\n<script type=\"application\/ld+json\" class=\"yoast-schema-graph\">{\"@context\":\"https:\\\/\\\/schema.org\",\"@graph\":[{\"@type\":\"WebPage\",\"@id\":\"https:\\\/\\\/elxverdaineta.es\\\/ca\\\/politica-de-cookies\\\/\",\"url\":\"https:\\\/\\\/elxverdaineta.es\\\/ca\\\/politica-de-cookies\\\/\",\"name\":\"Pol\u00edtica de cookies - Elx verda i neta\",\"isPartOf\":{\"@id\":\"https:\\\/\\\/elxverdaineta.es\\\/ca\\\/#website\"},\"datePublished\":\"2022-02-22T17:30:05+00:00\",\"dateModified\":\"2022-02-25T08:29:31+00:00\",\"breadcrumb\":{\"@id\":\"https:\\\/\\\/elxverdaineta.es\\\/ca\\\/politica-de-cookies\\\/#breadcrumb\"},\"inLanguage\":\"ca\",\"potentialAction\":[{\"@type\":\"ReadAction\",\"target\":[\"https:\\\/\\\/elxverdaineta.es\\\/ca\\\/politica-de-cookies\\\/\"]}]},{\"@type\":\"BreadcrumbList\",\"@id\":\"https:\\\/\\\/elxverdaineta.es\\\/ca\\\/politica-de-cookies\\\/#breadcrumb\",\"itemListElement\":[{\"@type\":\"ListItem\",\"position\":1,\"name\":\"Inici\",\"item\":\"https:\\\/\\\/elxverdaineta.es\\\/ca\\\/\"},{\"@type\":\"ListItem\",\"position\":2,\"name\":\"Pol\u00edtica de cookies\"}]},{\"@type\":\"WebSite\",\"@id\":\"https:\\\/\\\/elxverdaineta.es\\\/ca\\\/#website\",\"url\":\"https:\\\/\\\/elxverdaineta.es\\\/ca\\\/\",\"name\":\"Elx verda i neta\",\"description\":\"\",\"publisher\":{\"@id\":\"https:\\\/\\\/elxverdaineta.es\\\/ca\\\/#organization\"},\"potentialAction\":[{\"@type\":\"SearchAction\",\"target\":{\"@type\":\"EntryPoint\",\"urlTemplate\":\"https:\\\/\\\/elxverdaineta.es\\\/ca\\\/?s={search_term_string}\"},\"query-input\":{\"@type\":\"PropertyValueSpecification\",\"valueRequired\":true,\"valueName\":\"search_term_string\"}}],\"inLanguage\":\"ca\"},{\"@type\":\"Organization\",\"@id\":\"https:\\\/\\\/elxverdaineta.es\\\/ca\\\/#organization\",\"name\":\"Elx verda i neta\",\"url\":\"https:\\\/\\\/elxverdaineta.es\\\/ca\\\/\",\"logo\":{\"@type\":\"ImageObject\",\"inLanguage\":\"ca\",\"@id\":\"https:\\\/\\\/elxverdaineta.es\\\/ca\\\/#\\\/schema\\\/logo\\\/image\\\/\",\"url\":\"https:\\\/\\\/elxverdaineta.es\\\/wp-content\\\/uploads\\\/2022\\\/01\\\/logo-elx-verda-i-neta.png\",\"contentUrl\":\"https:\\\/\\\/elxverdaineta.es\\\/wp-content\\\/uploads\\\/2022\\\/01\\\/logo-elx-verda-i-neta.png\",\"width\":359,\"height\":264,\"caption\":\"Elx verda i neta\"},\"image\":{\"@id\":\"https:\\\/\\\/elxverdaineta.es\\\/ca\\\/#\\\/schema\\\/logo\\\/image\\\/\"},\"sameAs\":[\"https:\\\/\\\/www.facebook.com\\\/elxverdaineta\\\/\",\"https:\\\/\\\/x.com\\\/elxverdaineta\"]}]}<\/script>\n<!-- \/ Yoast SEO plugin. -->","yoast_head_json":{"title":"Pol\u00edtica de cookies - Elx verda i neta","robots":{"index":"index","follow":"follow","max-snippet":"max-snippet:-1","max-image-preview":"max-image-preview:large","max-video-preview":"max-video-preview:-1"},"canonical":"https:\/\/elxverdaineta.es\/ca\/politica-de-cookies\/","og_locale":"ca_ES","og_type":"article","og_title":"Pol\u00edtica de cookies - Elx verda i neta","og_description":"[vc_row css_animation=&#8221;&#8221; row_type=&#8221;row&#8221; use_row_as_full_screen_section=&#8221;no&#8221; type=&#8221;full_width&#8221; angled_section=&#8221;no&#8221; text_align=&#8221;left&#8221; background_image_as_pattern=&#8221;without_pattern&#8221; z_index=&#8221;&#8221;][vc_column][vc_column_text]*Desc\u00e0rrega de responsabilitat: Aquest text legal escrit en valenci\u00e0 \u00e9s nom\u00e9s per a prop\u00f2sits de traducci\u00f3 i nom\u00e9s pret\u00e9n ajudar el lector de parla valenciana a llegir-ho en el seu idioma predilecte. Quan es produeixen inconsist\u00e8ncies en...","og_url":"https:\/\/elxverdaineta.es\/ca\/politica-de-cookies\/","og_site_name":"Elx verda i neta","article_publisher":"https:\/\/www.facebook.com\/elxverdaineta\/","article_modified_time":"2022-02-25T08:29:31+00:00","twitter_card":"summary_large_image","twitter_site":"@elxverdaineta","twitter_misc":{"Temps estimat de lectura":"6 minuts"},"schema":{"@context":"https:\/\/schema.org","@graph":[{"@type":"WebPage","@id":"https:\/\/elxverdaineta.es\/ca\/politica-de-cookies\/","url":"https:\/\/elxverdaineta.es\/ca\/politica-de-cookies\/","name":"Pol\u00edtica de cookies - Elx verda i neta","isPartOf":{"@id":"https:\/\/elxverdaineta.es\/ca\/#website"},"datePublished":"2022-02-22T17:30:05+00:00","dateModified":"2022-02-25T08:29:31+00:00","breadcrumb":{"@id":"https:\/\/elxverdaineta.es\/ca\/politica-de-cookies\/#breadcrumb"},"inLanguage":"ca","potentialAction":[{"@type":"ReadAction","target":["https:\/\/elxverdaineta.es\/ca\/politica-de-cookies\/"]}]},{"@type":"BreadcrumbList","@id":"https:\/\/elxverdaineta.es\/ca\/politica-de-cookies\/#breadcrumb","itemListElement":[{"@type":"ListItem","position":1,"name":"Inici","item":"https:\/\/elxverdaineta.es\/ca\/"},{"@type":"ListItem","position":2,"name":"Pol\u00edtica de cookies"}]},{"@type":"WebSite","@id":"https:\/\/elxverdaineta.es\/ca\/#website","url":"https:\/\/elxverdaineta.es\/ca\/","name":"Elx verda i neta","description":"","publisher":{"@id":"https:\/\/elxverdaineta.es\/ca\/#organization"},"potentialAction":[{"@type":"SearchAction","target":{"@type":"EntryPoint","urlTemplate":"https:\/\/elxverdaineta.es\/ca\/?s={search_term_string}"},"query-input":{"@type":"PropertyValueSpecification","valueRequired":true,"valueName":"search_term_string"}}],"inLanguage":"ca"},{"@type":"Organization","@id":"https:\/\/elxverdaineta.es\/ca\/#organization","name":"Elx verda i neta","url":"https:\/\/elxverdaineta.es\/ca\/","logo":{"@type":"ImageObject","inLanguage":"ca","@id":"https:\/\/elxverdaineta.es\/ca\/#\/schema\/logo\/image\/","url":"https:\/\/elxverdaineta.es\/wp-content\/uploads\/2022\/01\/logo-elx-verda-i-neta.png","contentUrl":"https:\/\/elxverdaineta.es\/wp-content\/uploads\/2022\/01\/logo-elx-verda-i-neta.png","width":359,"height":264,"caption":"Elx verda i neta"},"image":{"@id":"https:\/\/elxverdaineta.es\/ca\/#\/schema\/logo\/image\/"},"sameAs":["https:\/\/www.facebook.com\/elxverdaineta\/","https:\/\/x.com\/elxverdaineta"]}]}},"_links":{"self":[{"href":"https:\/\/elxverdaineta.es\/ca\/wp-json\/wp\/v2\/pages\/522","targetHints":{"allow":["GET"]}}],"collection":[{"href":"https:\/\/elxverdaineta.es\/ca\/wp-json\/wp\/v2\/pages"}],"about":[{"href":"https:\/\/elxverdaineta.es\/ca\/wp-json\/wp\/v2\/types\/page"}],"author":[{"embeddable":true,"href":"https:\/\/elxverdaineta.es\/ca\/wp-json\/wp\/v2\/users\/1"}],"replies":[{"embeddable":true,"href":"https:\/\/elxverdaineta.es\/ca\/wp-json\/wp\/v2\/comments?post=522"}],"version-history":[{"count":10,"href":"https:\/\/elxverdaineta.es\/ca\/wp-json\/wp\/v2\/pages\/522\/revisions"}],"predecessor-version":[{"id":753,"href":"https:\/\/elxverdaineta.es\/ca\/wp-json\/wp\/v2\/pages\/522\/revisions\/753"}],"wp:attachment":[{"href":"https:\/\/elxverdaineta.es\/ca\/wp-json\/wp\/v2\/media?parent=522"}],"curies":[{"name":"wp","href":"https:\/\/api.w.org\/{rel}","templated":true}]}}