{"id":485,"date":"2022-02-22T17:56:18","date_gmt":"2022-02-22T16:56:18","guid":{"rendered":"https:\/\/elxverdaineta.es\/?page_id=485"},"modified":"2022-02-22T17:56:19","modified_gmt":"2022-02-22T16:56:19","slug":"mitjans","status":"publish","type":"page","link":"https:\/\/elxverdaineta.es\/ca\/mitjans\/","title":{"rendered":"Mitjans"},"content":{"rendered":"<div class=\"wpb-content-wrapper\"><p>[vc_row css_animation=&#8221;&#8221; row_type=&#8221;row&#8221; use_row_as_full_screen_section=&#8221;no&#8221; type=&#8221;grid&#8221; angled_section=&#8221;no&#8221; text_align=&#8221;left&#8221; background_image_as_pattern=&#8221;without_pattern&#8221; css=&#8221;.vc_custom_1645029304096{padding-top: 100px !important;padding-bottom: 50px !important;}&#8221; z_index=&#8221;&#8221;][vc_column][vc_column_text]<\/p>\n<h2>Vehicles i equips<\/h2>\n<p>&nbsp;<\/p>\n<p>Elx verda i neta compte en l&#8217;actualitat amb una de les flotes de vehicles per a neteja m\u00e9s moderns d&#8217;Espanya. Gr\u00e0cies a ells \u00e9s possible realitzar de forma m\u00e9s eficient la neteja de vies, voreres i parcs, que combinats amb el meticul\u00f3s treball manual dels operaris a peu, garanteixen l&#8217;estat \u00f2ptim de neteja de la ciutat.<\/p>\n<p>Dins d&#8217;aquest apartat tamb\u00e9 estan inclosos els equips per a la recollida de tots els contenidors (soterrats i en superf\u00edcie), disponibles per al dep\u00f2sit de residus a la ciutat.[\/vc_column_text][\/vc_column][\/vc_row][vc_row css_animation=&#8221;&#8221; row_type=&#8221;row&#8221; use_row_as_full_screen_section=&#8221;no&#8221; type=&#8221;grid&#8221; angled_section=&#8221;no&#8221; text_align=&#8221;left&#8221; background_image_as_pattern=&#8221;without_pattern&#8221; css=&#8221;.vc_custom_1645029319758{padding-top: 50px !important;padding-bottom: 100px !important;}&#8221; z_index=&#8221;&#8221;][vc_column]<div class=\"qode-advanced-image-gallery  qode-aig-masonry-type qode-large-space   \">\n\t<div class=\"qode-aig-inner qode-outer-space qode-aig-masonry qode-aig-three-columns\">\n\t\t<div class=\"qode-aig-grid-sizer\"><\/div>\n\t\t<div class=\"qode-aig-grid-gutter\"><\/div>\n\t\t\t\t\t\t\t\t<div class=\"qode-aig-image qode-item-space qode-aig-default-masonry-item\">\n\t\t\t\t<div class=\"qode-aig-image-inner\">\n\t\t\t\t\t\t\t\t\t\t\t<img loading=\"lazy\" decoding=\"async\" width=\"1461\" height=\"821\" src=\"https:\/\/elxverdaineta.es\/wp-content\/uploads\/2022\/02\/medios14.jpg\" class=\"attachment-full size-full\" alt=\"medios14\" srcset=\"https:\/\/elxverdaineta.es\/wp-content\/uploads\/2022\/02\/medios14.jpg 1461w, https:\/\/elxverdaineta.es\/wp-content\/uploads\/2022\/02\/medios14-300x169.jpg 300w, https:\/\/elxverdaineta.es\/wp-content\/uploads\/2022\/02\/medios14-1024x575.jpg 1024w, https:\/\/elxverdaineta.es\/wp-content\/uploads\/2022\/02\/medios14-768x432.jpg 768w, https:\/\/elxverdaineta.es\/wp-content\/uploads\/2022\/02\/medios14-700x393.jpg 700w, https:\/\/elxverdaineta.es\/wp-content\/uploads\/2022\/02\/medios14-539x303.jpg 539w\" sizes=\"auto, (max-width: 1461px) 100vw, 1461px\" \/>\t\t\t\t\t\t<span class=\"aig-gallery-hover\">\n\t\t\t\t\t\t\t\t\t\t\t\t\t<\/span>\n\t\t\t\t\t\t\t\t\t<\/div>\n\t\t\t<\/div>\n\t\t\t\t\t\t\t\t<div class=\"qode-aig-image qode-item-space qode-aig-default-masonry-item\">\n\t\t\t\t<div class=\"qode-aig-image-inner\">\n\t\t\t\t\t\t\t\t\t\t\t<img loading=\"lazy\" decoding=\"async\" width=\"1280\" height=\"960\" src=\"https:\/\/elxverdaineta.es\/wp-content\/uploads\/2022\/02\/medios1.jpg\" class=\"attachment-full size-full\" alt=\"\" srcset=\"https:\/\/elxverdaineta.es\/wp-content\/uploads\/2022\/02\/medios1.jpg 1280w, https:\/\/elxverdaineta.es\/wp-content\/uploads\/2022\/02\/medios1-300x225.jpg 300w, https:\/\/elxverdaineta.es\/wp-content\/uploads\/2022\/02\/medios1-1024x768.jpg 1024w, https:\/\/elxverdaineta.es\/wp-content\/uploads\/2022\/02\/medios1-768x576.jpg 768w, https:\/\/elxverdaineta.es\/wp-content\/uploads\/2022\/02\/medios1-800x600.jpg 800w, https:\/\/elxverdaineta.es\/wp-content\/uploads\/2022\/02\/medios1-700x525.jpg 700w\" sizes=\"auto, (max-width: 1280px) 100vw, 1280px\" \/>\t\t\t\t\t\t<span class=\"aig-gallery-hover\">\n\t\t\t\t\t\t\t\t\t\t\t\t\t<\/span>\n\t\t\t\t\t\t\t\t\t<\/div>\n\t\t\t<\/div>\n\t\t\t\t\t\t\t\t<div class=\"qode-aig-image qode-item-space qode-aig-default-masonry-item\">\n\t\t\t\t<div class=\"qode-aig-image-inner\">\n\t\t\t\t\t\t\t\t\t\t\t<img loading=\"lazy\" decoding=\"async\" width=\"1024\" height=\"768\" src=\"https:\/\/elxverdaineta.es\/wp-content\/uploads\/2022\/02\/medios13.jpg\" class=\"attachment-full size-full\" alt=\"medios\" srcset=\"https:\/\/elxverdaineta.es\/wp-content\/uploads\/2022\/02\/medios13.jpg 1024w, https:\/\/elxverdaineta.es\/wp-content\/uploads\/2022\/02\/medios13-300x225.jpg 300w, https:\/\/elxverdaineta.es\/wp-content\/uploads\/2022\/02\/medios13-768x576.jpg 768w, https:\/\/elxverdaineta.es\/wp-content\/uploads\/2022\/02\/medios13-800x600.jpg 800w, https:\/\/elxverdaineta.es\/wp-content\/uploads\/2022\/02\/medios13-700x525.jpg 700w\" sizes=\"auto, (max-width: 1024px) 100vw, 1024px\" \/>\t\t\t\t\t\t<span class=\"aig-gallery-hover\">\n\t\t\t\t\t\t\t\t\t\t\t\t\t<\/span>\n\t\t\t\t\t\t\t\t\t<\/div>\n\t\t\t<\/div>\n\t\t\t\t\t\t\t\t<div class=\"qode-aig-image qode-item-space qode-aig-default-masonry-item\">\n\t\t\t\t<div class=\"qode-aig-image-inner\">\n\t\t\t\t\t\t\t\t\t\t\t<img loading=\"lazy\" decoding=\"async\" width=\"1024\" height=\"768\" src=\"https:\/\/elxverdaineta.es\/wp-content\/uploads\/2022\/02\/medios12.jpg\" class=\"attachment-full size-full\" alt=\"veh\u00edculos\" srcset=\"https:\/\/elxverdaineta.es\/wp-content\/uploads\/2022\/02\/medios12.jpg 1024w, https:\/\/elxverdaineta.es\/wp-content\/uploads\/2022\/02\/medios12-300x225.jpg 300w, https:\/\/elxverdaineta.es\/wp-content\/uploads\/2022\/02\/medios12-768x576.jpg 768w, https:\/\/elxverdaineta.es\/wp-content\/uploads\/2022\/02\/medios12-800x600.jpg 800w, https:\/\/elxverdaineta.es\/wp-content\/uploads\/2022\/02\/medios12-700x525.jpg 700w\" sizes=\"auto, (max-width: 1024px) 100vw, 1024px\" \/>\t\t\t\t\t\t<span class=\"aig-gallery-hover\">\n\t\t\t\t\t\t\t\t\t\t\t\t\t<\/span>\n\t\t\t\t\t\t\t\t\t<\/div>\n\t\t\t<\/div>\n\t\t\t\t\t\t\t\t<div class=\"qode-aig-image qode-item-space qode-aig-default-masonry-item\">\n\t\t\t\t<div class=\"qode-aig-image-inner\">\n\t\t\t\t\t\t\t\t\t\t\t<img loading=\"lazy\" decoding=\"async\" width=\"2048\" height=\"1536\" src=\"https:\/\/elxverdaineta.es\/wp-content\/uploads\/2022\/02\/medios11.jpg\" class=\"attachment-full size-full\" alt=\"veh\u00edculos\" srcset=\"https:\/\/elxverdaineta.es\/wp-content\/uploads\/2022\/02\/medios11.jpg 2048w, https:\/\/elxverdaineta.es\/wp-content\/uploads\/2022\/02\/medios11-300x225.jpg 300w, https:\/\/elxverdaineta.es\/wp-content\/uploads\/2022\/02\/medios11-1024x768.jpg 1024w, https:\/\/elxverdaineta.es\/wp-content\/uploads\/2022\/02\/medios11-768x576.jpg 768w, https:\/\/elxverdaineta.es\/wp-content\/uploads\/2022\/02\/medios11-1536x1152.jpg 1536w, https:\/\/elxverdaineta.es\/wp-content\/uploads\/2022\/02\/medios11-800x600.jpg 800w, https:\/\/elxverdaineta.es\/wp-content\/uploads\/2022\/02\/medios11-700x525.jpg 700w\" sizes=\"auto, (max-width: 2048px) 100vw, 2048px\" \/>\t\t\t\t\t\t<span class=\"aig-gallery-hover\">\n\t\t\t\t\t\t\t\t\t\t\t\t\t<\/span>\n\t\t\t\t\t\t\t\t\t<\/div>\n\t\t\t<\/div>\n\t\t\t\t\t\t\t\t<div class=\"qode-aig-image qode-item-space qode-aig-default-masonry-item\">\n\t\t\t\t<div class=\"qode-aig-image-inner\">\n\t\t\t\t\t\t\t\t\t\t\t<img loading=\"lazy\" decoding=\"async\" width=\"960\" height=\"720\" src=\"https:\/\/elxverdaineta.es\/wp-content\/uploads\/2022\/02\/medios10.jpg\" class=\"attachment-full size-full\" alt=\"veh\u00edculos\" srcset=\"https:\/\/elxverdaineta.es\/wp-content\/uploads\/2022\/02\/medios10.jpg 960w, https:\/\/elxverdaineta.es\/wp-content\/uploads\/2022\/02\/medios10-300x225.jpg 300w, https:\/\/elxverdaineta.es\/wp-content\/uploads\/2022\/02\/medios10-768x576.jpg 768w, https:\/\/elxverdaineta.es\/wp-content\/uploads\/2022\/02\/medios10-800x600.jpg 800w, https:\/\/elxverdaineta.es\/wp-content\/uploads\/2022\/02\/medios10-700x525.jpg 700w\" sizes=\"auto, (max-width: 960px) 100vw, 960px\" \/>\t\t\t\t\t\t<span class=\"aig-gallery-hover\">\n\t\t\t\t\t\t\t\t\t\t\t\t\t<\/span>\n\t\t\t\t\t\t\t\t\t<\/div>\n\t\t\t<\/div>\n\t\t\t\t\t\t\t\t<div class=\"qode-aig-image qode-item-space qode-aig-default-masonry-item\">\n\t\t\t\t<div class=\"qode-aig-image-inner\">\n\t\t\t\t\t\t\t\t\t\t\t<img loading=\"lazy\" decoding=\"async\" width=\"1600\" height=\"1200\" src=\"https:\/\/elxverdaineta.es\/wp-content\/uploads\/2022\/02\/medios9.jpg\" class=\"attachment-full size-full\" alt=\"veh\u00edculos\" srcset=\"https:\/\/elxverdaineta.es\/wp-content\/uploads\/2022\/02\/medios9.jpg 1600w, https:\/\/elxverdaineta.es\/wp-content\/uploads\/2022\/02\/medios9-300x225.jpg 300w, https:\/\/elxverdaineta.es\/wp-content\/uploads\/2022\/02\/medios9-1024x768.jpg 1024w, https:\/\/elxverdaineta.es\/wp-content\/uploads\/2022\/02\/medios9-768x576.jpg 768w, https:\/\/elxverdaineta.es\/wp-content\/uploads\/2022\/02\/medios9-1536x1152.jpg 1536w, https:\/\/elxverdaineta.es\/wp-content\/uploads\/2022\/02\/medios9-800x600.jpg 800w, https:\/\/elxverdaineta.es\/wp-content\/uploads\/2022\/02\/medios9-700x525.jpg 700w\" sizes=\"auto, (max-width: 1600px) 100vw, 1600px\" \/>\t\t\t\t\t\t<span class=\"aig-gallery-hover\">\n\t\t\t\t\t\t\t\t\t\t\t\t\t<\/span>\n\t\t\t\t\t\t\t\t\t<\/div>\n\t\t\t<\/div>\n\t\t\t\t\t\t\t\t<div class=\"qode-aig-image qode-item-space qode-aig-default-masonry-item\">\n\t\t\t\t<div class=\"qode-aig-image-inner\">\n\t\t\t\t\t\t\t\t\t\t\t<img loading=\"lazy\" decoding=\"async\" width=\"1192\" height=\"1239\" src=\"https:\/\/elxverdaineta.es\/wp-content\/uploads\/2022\/02\/medios8.jpg\" class=\"attachment-full size-full\" alt=\"veh\u00edculos\" srcset=\"https:\/\/elxverdaineta.es\/wp-content\/uploads\/2022\/02\/medios8.jpg 1192w, https:\/\/elxverdaineta.es\/wp-content\/uploads\/2022\/02\/medios8-289x300.jpg 289w, https:\/\/elxverdaineta.es\/wp-content\/uploads\/2022\/02\/medios8-985x1024.jpg 985w, https:\/\/elxverdaineta.es\/wp-content\/uploads\/2022\/02\/medios8-768x798.jpg 768w, https:\/\/elxverdaineta.es\/wp-content\/uploads\/2022\/02\/medios8-700x728.jpg 700w\" sizes=\"auto, (max-width: 1192px) 100vw, 1192px\" \/>\t\t\t\t\t\t<span class=\"aig-gallery-hover\">\n\t\t\t\t\t\t\t\t\t\t\t\t\t<\/span>\n\t\t\t\t\t\t\t\t\t<\/div>\n\t\t\t<\/div>\n\t\t\t\t\t\t\t\t<div class=\"qode-aig-image qode-item-space qode-aig-default-masonry-item\">\n\t\t\t\t<div class=\"qode-aig-image-inner\">\n\t\t\t\t\t\t\t\t\t\t\t<img loading=\"lazy\" decoding=\"async\" width=\"2048\" height=\"1536\" src=\"https:\/\/elxverdaineta.es\/wp-content\/uploads\/2022\/02\/medios7.jpg\" class=\"attachment-full size-full\" alt=\"veh\u00edculos\" srcset=\"https:\/\/elxverdaineta.es\/wp-content\/uploads\/2022\/02\/medios7.jpg 2048w, https:\/\/elxverdaineta.es\/wp-content\/uploads\/2022\/02\/medios7-300x225.jpg 300w, https:\/\/elxverdaineta.es\/wp-content\/uploads\/2022\/02\/medios7-1024x768.jpg 1024w, https:\/\/elxverdaineta.es\/wp-content\/uploads\/2022\/02\/medios7-768x576.jpg 768w, https:\/\/elxverdaineta.es\/wp-content\/uploads\/2022\/02\/medios7-1536x1152.jpg 1536w, https:\/\/elxverdaineta.es\/wp-content\/uploads\/2022\/02\/medios7-800x600.jpg 800w, https:\/\/elxverdaineta.es\/wp-content\/uploads\/2022\/02\/medios7-700x525.jpg 700w\" sizes=\"auto, (max-width: 2048px) 100vw, 2048px\" \/>\t\t\t\t\t\t<span class=\"aig-gallery-hover\">\n\t\t\t\t\t\t\t\t\t\t\t\t\t<\/span>\n\t\t\t\t\t\t\t\t\t<\/div>\n\t\t\t<\/div>\n\t\t\t\t\t\t\t\t<div class=\"qode-aig-image qode-item-space qode-aig-default-masonry-item\">\n\t\t\t\t<div class=\"qode-aig-image-inner\">\n\t\t\t\t\t\t\t\t\t\t\t<img loading=\"lazy\" decoding=\"async\" width=\"1886\" height=\"1175\" src=\"https:\/\/elxverdaineta.es\/wp-content\/uploads\/2022\/02\/medios6.jpg\" class=\"attachment-full size-full\" alt=\"veh\u00edculos\" srcset=\"https:\/\/elxverdaineta.es\/wp-content\/uploads\/2022\/02\/medios6.jpg 1886w, https:\/\/elxverdaineta.es\/wp-content\/uploads\/2022\/02\/medios6-300x187.jpg 300w, https:\/\/elxverdaineta.es\/wp-content\/uploads\/2022\/02\/medios6-1024x638.jpg 1024w, https:\/\/elxverdaineta.es\/wp-content\/uploads\/2022\/02\/medios6-768x478.jpg 768w, https:\/\/elxverdaineta.es\/wp-content\/uploads\/2022\/02\/medios6-1536x957.jpg 1536w, https:\/\/elxverdaineta.es\/wp-content\/uploads\/2022\/02\/medios6-700x436.jpg 700w\" sizes=\"auto, (max-width: 1886px) 100vw, 1886px\" \/>\t\t\t\t\t\t<span class=\"aig-gallery-hover\">\n\t\t\t\t\t\t\t\t\t\t\t\t\t<\/span>\n\t\t\t\t\t\t\t\t\t<\/div>\n\t\t\t<\/div>\n\t\t\t\t\t\t\t\t<div class=\"qode-aig-image qode-item-space qode-aig-default-masonry-item\">\n\t\t\t\t<div class=\"qode-aig-image-inner\">\n\t\t\t\t\t\t\t\t\t\t\t<img loading=\"lazy\" decoding=\"async\" width=\"2000\" height=\"1500\" src=\"https:\/\/elxverdaineta.es\/wp-content\/uploads\/2022\/02\/medios5.jpg\" class=\"attachment-full size-full\" alt=\"veh\u00edculos\" srcset=\"https:\/\/elxverdaineta.es\/wp-content\/uploads\/2022\/02\/medios5.jpg 2000w, https:\/\/elxverdaineta.es\/wp-content\/uploads\/2022\/02\/medios5-300x225.jpg 300w, https:\/\/elxverdaineta.es\/wp-content\/uploads\/2022\/02\/medios5-1024x768.jpg 1024w, https:\/\/elxverdaineta.es\/wp-content\/uploads\/2022\/02\/medios5-768x576.jpg 768w, https:\/\/elxverdaineta.es\/wp-content\/uploads\/2022\/02\/medios5-1536x1152.jpg 1536w, https:\/\/elxverdaineta.es\/wp-content\/uploads\/2022\/02\/medios5-800x600.jpg 800w, https:\/\/elxverdaineta.es\/wp-content\/uploads\/2022\/02\/medios5-700x525.jpg 700w\" sizes=\"auto, (max-width: 2000px) 100vw, 2000px\" \/>\t\t\t\t\t\t<span class=\"aig-gallery-hover\">\n\t\t\t\t\t\t\t\t\t\t\t\t\t<\/span>\n\t\t\t\t\t\t\t\t\t<\/div>\n\t\t\t<\/div>\n\t\t\t\t\t\t\t\t<div class=\"qode-aig-image qode-item-space qode-aig-default-masonry-item\">\n\t\t\t\t<div class=\"qode-aig-image-inner\">\n\t\t\t\t\t\t\t\t\t\t\t<img loading=\"lazy\" decoding=\"async\" width=\"891\" height=\"722\" src=\"https:\/\/elxverdaineta.es\/wp-content\/uploads\/2022\/02\/medios4.jpg\" class=\"attachment-full size-full\" alt=\"veh\u00edculos\" srcset=\"https:\/\/elxverdaineta.es\/wp-content\/uploads\/2022\/02\/medios4.jpg 891w, https:\/\/elxverdaineta.es\/wp-content\/uploads\/2022\/02\/medios4-300x243.jpg 300w, https:\/\/elxverdaineta.es\/wp-content\/uploads\/2022\/02\/medios4-768x622.jpg 768w, https:\/\/elxverdaineta.es\/wp-content\/uploads\/2022\/02\/medios4-700x567.jpg 700w\" sizes=\"auto, (max-width: 891px) 100vw, 891px\" \/>\t\t\t\t\t\t<span class=\"aig-gallery-hover\">\n\t\t\t\t\t\t\t\t\t\t\t\t\t<\/span>\n\t\t\t\t\t\t\t\t\t<\/div>\n\t\t\t<\/div>\n\t\t\t\t\t\t\t\t<div class=\"qode-aig-image qode-item-space qode-aig-default-masonry-item\">\n\t\t\t\t<div class=\"qode-aig-image-inner\">\n\t\t\t\t\t\t\t\t\t\t\t<img loading=\"lazy\" decoding=\"async\" width=\"971\" height=\"625\" src=\"https:\/\/elxverdaineta.es\/wp-content\/uploads\/2022\/02\/medios3.jpg\" class=\"attachment-full size-full\" alt=\"veh\u00edculos\" srcset=\"https:\/\/elxverdaineta.es\/wp-content\/uploads\/2022\/02\/medios3.jpg 971w, https:\/\/elxverdaineta.es\/wp-content\/uploads\/2022\/02\/medios3-300x193.jpg 300w, https:\/\/elxverdaineta.es\/wp-content\/uploads\/2022\/02\/medios3-768x494.jpg 768w, https:\/\/elxverdaineta.es\/wp-content\/uploads\/2022\/02\/medios3-700x451.jpg 700w\" sizes=\"auto, (max-width: 971px) 100vw, 971px\" \/>\t\t\t\t\t\t<span class=\"aig-gallery-hover\">\n\t\t\t\t\t\t\t\t\t\t\t\t\t<\/span>\n\t\t\t\t\t\t\t\t\t<\/div>\n\t\t\t<\/div>\n\t\t\t\t\t\t\t\t<div class=\"qode-aig-image qode-item-space qode-aig-default-masonry-item\">\n\t\t\t\t<div class=\"qode-aig-image-inner\">\n\t\t\t\t\t\t\t\t\t\t\t<img loading=\"lazy\" decoding=\"async\" width=\"1886\" height=\"1175\" src=\"https:\/\/elxverdaineta.es\/wp-content\/uploads\/2022\/02\/medios2.jpg\" class=\"attachment-full size-full\" alt=\"veh\u00edculos\" srcset=\"https:\/\/elxverdaineta.es\/wp-content\/uploads\/2022\/02\/medios2.jpg 1886w, https:\/\/elxverdaineta.es\/wp-content\/uploads\/2022\/02\/medios2-300x187.jpg 300w, https:\/\/elxverdaineta.es\/wp-content\/uploads\/2022\/02\/medios2-1024x638.jpg 1024w, https:\/\/elxverdaineta.es\/wp-content\/uploads\/2022\/02\/medios2-768x478.jpg 768w, https:\/\/elxverdaineta.es\/wp-content\/uploads\/2022\/02\/medios2-1536x957.jpg 1536w, https:\/\/elxverdaineta.es\/wp-content\/uploads\/2022\/02\/medios2-700x436.jpg 700w\" sizes=\"auto, (max-width: 1886px) 100vw, 1886px\" \/>\t\t\t\t\t\t<span class=\"aig-gallery-hover\">\n\t\t\t\t\t\t\t\t\t\t\t\t\t<\/span>\n\t\t\t\t\t\t\t\t\t<\/div>\n\t\t\t<\/div>\n\t\t\t<\/div>\n<\/div>[\/vc_column][\/vc_row]<\/p>\n<\/div>","protected":false},"excerpt":{"rendered":"<p>[vc_row css_animation=&#8221;&#8221; row_type=&#8221;row&#8221; use_row_as_full_screen_section=&#8221;no&#8221; type=&#8221;grid&#8221; angled_section=&#8221;no&#8221; text_align=&#8221;left&#8221; background_image_as_pattern=&#8221;without_pattern&#8221; css=&#8221;.vc_custom_1645029304096{padding-top: 100px !important;padding-bottom: 50px !important;}&#8221; z_index=&#8221;&#8221;][vc_column][vc_column_text] Vehicles i equips &nbsp; Elx verda i neta compte en l&#8217;actualitat amb una de les flotes de vehicles per a neteja m\u00e9s moderns d&#8217;Espanya. Gr\u00e0cies a ells \u00e9s possible realitzar de&#8230;<\/p>\n","protected":false},"author":1,"featured_media":0,"parent":0,"menu_order":0,"comment_status":"closed","ping_status":"closed","template":"full_width.php","meta":{"rs_blank_template":"","rs_page_bg_color":"","slide_template_v7":"","footnotes":""},"class_list":["post-485","page","type-page","status-publish","hentry"],"yoast_head":"<!-- This site is optimized with the Yoast SEO plugin v27.4 - https:\/\/yoast.com\/product\/yoast-seo-wordpress\/ -->\n<title>Mitjans - Elx verda i neta<\/title>\n<meta name=\"robots\" content=\"index, follow, max-snippet:-1, max-image-preview:large, max-video-preview:-1\" \/>\n<link rel=\"canonical\" href=\"https:\/\/elxverdaineta.es\/ca\/mitjans\/\" \/>\n<meta property=\"og:locale\" content=\"ca_ES\" \/>\n<meta property=\"og:type\" content=\"article\" \/>\n<meta property=\"og:title\" content=\"Mitjans - Elx verda i neta\" \/>\n<meta property=\"og:description\" content=\"[vc_row css_animation=&#8221;&#8221; row_type=&#8221;row&#8221; use_row_as_full_screen_section=&#8221;no&#8221; type=&#8221;grid&#8221; angled_section=&#8221;no&#8221; text_align=&#8221;left&#8221; background_image_as_pattern=&#8221;without_pattern&#8221; css=&#8221;.vc_custom_1645029304096{padding-top: 100px !important;padding-bottom: 50px !important;}&#8221; z_index=&#8221;&#8221;][vc_column][vc_column_text] Vehicles i equips &nbsp; Elx verda i neta compte en l&#8217;actualitat amb una de les flotes de vehicles per a neteja m\u00e9s moderns d&#8217;Espanya. Gr\u00e0cies a ells \u00e9s possible realitzar de...\" \/>\n<meta property=\"og:url\" content=\"https:\/\/elxverdaineta.es\/ca\/mitjans\/\" \/>\n<meta property=\"og:site_name\" content=\"Elx verda i neta\" \/>\n<meta property=\"article:publisher\" content=\"https:\/\/www.facebook.com\/elxverdaineta\/\" \/>\n<meta property=\"article:modified_time\" content=\"2022-02-22T16:56:19+00:00\" \/>\n<meta name=\"twitter:card\" content=\"summary_large_image\" \/>\n<meta name=\"twitter:site\" content=\"@elxverdaineta\" \/>\n<meta name=\"twitter:label1\" content=\"Temps estimat de lectura\" \/>\n\t<meta name=\"twitter:data1\" content=\"1 minut\" \/>\n<script type=\"application\/ld+json\" class=\"yoast-schema-graph\">{\"@context\":\"https:\\\/\\\/schema.org\",\"@graph\":[{\"@type\":\"WebPage\",\"@id\":\"https:\\\/\\\/elxverdaineta.es\\\/ca\\\/mitjans\\\/\",\"url\":\"https:\\\/\\\/elxverdaineta.es\\\/ca\\\/mitjans\\\/\",\"name\":\"Mitjans - Elx verda i neta\",\"isPartOf\":{\"@id\":\"https:\\\/\\\/elxverdaineta.es\\\/ca\\\/#website\"},\"datePublished\":\"2022-02-22T16:56:18+00:00\",\"dateModified\":\"2022-02-22T16:56:19+00:00\",\"breadcrumb\":{\"@id\":\"https:\\\/\\\/elxverdaineta.es\\\/ca\\\/mitjans\\\/#breadcrumb\"},\"inLanguage\":\"ca\",\"potentialAction\":[{\"@type\":\"ReadAction\",\"target\":[\"https:\\\/\\\/elxverdaineta.es\\\/ca\\\/mitjans\\\/\"]}]},{\"@type\":\"BreadcrumbList\",\"@id\":\"https:\\\/\\\/elxverdaineta.es\\\/ca\\\/mitjans\\\/#breadcrumb\",\"itemListElement\":[{\"@type\":\"ListItem\",\"position\":1,\"name\":\"Inici\",\"item\":\"https:\\\/\\\/elxverdaineta.es\\\/ca\\\/\"},{\"@type\":\"ListItem\",\"position\":2,\"name\":\"Mitjans\"}]},{\"@type\":\"WebSite\",\"@id\":\"https:\\\/\\\/elxverdaineta.es\\\/ca\\\/#website\",\"url\":\"https:\\\/\\\/elxverdaineta.es\\\/ca\\\/\",\"name\":\"Elx verda i neta\",\"description\":\"\",\"publisher\":{\"@id\":\"https:\\\/\\\/elxverdaineta.es\\\/ca\\\/#organization\"},\"potentialAction\":[{\"@type\":\"SearchAction\",\"target\":{\"@type\":\"EntryPoint\",\"urlTemplate\":\"https:\\\/\\\/elxverdaineta.es\\\/ca\\\/?s={search_term_string}\"},\"query-input\":{\"@type\":\"PropertyValueSpecification\",\"valueRequired\":true,\"valueName\":\"search_term_string\"}}],\"inLanguage\":\"ca\"},{\"@type\":\"Organization\",\"@id\":\"https:\\\/\\\/elxverdaineta.es\\\/ca\\\/#organization\",\"name\":\"Elx verda i neta\",\"url\":\"https:\\\/\\\/elxverdaineta.es\\\/ca\\\/\",\"logo\":{\"@type\":\"ImageObject\",\"inLanguage\":\"ca\",\"@id\":\"https:\\\/\\\/elxverdaineta.es\\\/ca\\\/#\\\/schema\\\/logo\\\/image\\\/\",\"url\":\"https:\\\/\\\/elxverdaineta.es\\\/wp-content\\\/uploads\\\/2022\\\/01\\\/logo-elx-verda-i-neta.png\",\"contentUrl\":\"https:\\\/\\\/elxverdaineta.es\\\/wp-content\\\/uploads\\\/2022\\\/01\\\/logo-elx-verda-i-neta.png\",\"width\":359,\"height\":264,\"caption\":\"Elx verda i neta\"},\"image\":{\"@id\":\"https:\\\/\\\/elxverdaineta.es\\\/ca\\\/#\\\/schema\\\/logo\\\/image\\\/\"},\"sameAs\":[\"https:\\\/\\\/www.facebook.com\\\/elxverdaineta\\\/\",\"https:\\\/\\\/x.com\\\/elxverdaineta\"]}]}<\/script>\n<!-- \/ Yoast SEO plugin. -->","yoast_head_json":{"title":"Mitjans - Elx verda i neta","robots":{"index":"index","follow":"follow","max-snippet":"max-snippet:-1","max-image-preview":"max-image-preview:large","max-video-preview":"max-video-preview:-1"},"canonical":"https:\/\/elxverdaineta.es\/ca\/mitjans\/","og_locale":"ca_ES","og_type":"article","og_title":"Mitjans - Elx verda i neta","og_description":"[vc_row css_animation=&#8221;&#8221; row_type=&#8221;row&#8221; use_row_as_full_screen_section=&#8221;no&#8221; type=&#8221;grid&#8221; angled_section=&#8221;no&#8221; text_align=&#8221;left&#8221; background_image_as_pattern=&#8221;without_pattern&#8221; css=&#8221;.vc_custom_1645029304096{padding-top: 100px !important;padding-bottom: 50px !important;}&#8221; z_index=&#8221;&#8221;][vc_column][vc_column_text] Vehicles i equips &nbsp; Elx verda i neta compte en l&#8217;actualitat amb una de les flotes de vehicles per a neteja m\u00e9s moderns d&#8217;Espanya. Gr\u00e0cies a ells \u00e9s possible realitzar de...","og_url":"https:\/\/elxverdaineta.es\/ca\/mitjans\/","og_site_name":"Elx verda i neta","article_publisher":"https:\/\/www.facebook.com\/elxverdaineta\/","article_modified_time":"2022-02-22T16:56:19+00:00","twitter_card":"summary_large_image","twitter_site":"@elxverdaineta","twitter_misc":{"Temps estimat de lectura":"1 minut"},"schema":{"@context":"https:\/\/schema.org","@graph":[{"@type":"WebPage","@id":"https:\/\/elxverdaineta.es\/ca\/mitjans\/","url":"https:\/\/elxverdaineta.es\/ca\/mitjans\/","name":"Mitjans - Elx verda i neta","isPartOf":{"@id":"https:\/\/elxverdaineta.es\/ca\/#website"},"datePublished":"2022-02-22T16:56:18+00:00","dateModified":"2022-02-22T16:56:19+00:00","breadcrumb":{"@id":"https:\/\/elxverdaineta.es\/ca\/mitjans\/#breadcrumb"},"inLanguage":"ca","potentialAction":[{"@type":"ReadAction","target":["https:\/\/elxverdaineta.es\/ca\/mitjans\/"]}]},{"@type":"BreadcrumbList","@id":"https:\/\/elxverdaineta.es\/ca\/mitjans\/#breadcrumb","itemListElement":[{"@type":"ListItem","position":1,"name":"Inici","item":"https:\/\/elxverdaineta.es\/ca\/"},{"@type":"ListItem","position":2,"name":"Mitjans"}]},{"@type":"WebSite","@id":"https:\/\/elxverdaineta.es\/ca\/#website","url":"https:\/\/elxverdaineta.es\/ca\/","name":"Elx verda i neta","description":"","publisher":{"@id":"https:\/\/elxverdaineta.es\/ca\/#organization"},"potentialAction":[{"@type":"SearchAction","target":{"@type":"EntryPoint","urlTemplate":"https:\/\/elxverdaineta.es\/ca\/?s={search_term_string}"},"query-input":{"@type":"PropertyValueSpecification","valueRequired":true,"valueName":"search_term_string"}}],"inLanguage":"ca"},{"@type":"Organization","@id":"https:\/\/elxverdaineta.es\/ca\/#organization","name":"Elx verda i neta","url":"https:\/\/elxverdaineta.es\/ca\/","logo":{"@type":"ImageObject","inLanguage":"ca","@id":"https:\/\/elxverdaineta.es\/ca\/#\/schema\/logo\/image\/","url":"https:\/\/elxverdaineta.es\/wp-content\/uploads\/2022\/01\/logo-elx-verda-i-neta.png","contentUrl":"https:\/\/elxverdaineta.es\/wp-content\/uploads\/2022\/01\/logo-elx-verda-i-neta.png","width":359,"height":264,"caption":"Elx verda i neta"},"image":{"@id":"https:\/\/elxverdaineta.es\/ca\/#\/schema\/logo\/image\/"},"sameAs":["https:\/\/www.facebook.com\/elxverdaineta\/","https:\/\/x.com\/elxverdaineta"]}]}},"_links":{"self":[{"href":"https:\/\/elxverdaineta.es\/ca\/wp-json\/wp\/v2\/pages\/485","targetHints":{"allow":["GET"]}}],"collection":[{"href":"https:\/\/elxverdaineta.es\/ca\/wp-json\/wp\/v2\/pages"}],"about":[{"href":"https:\/\/elxverdaineta.es\/ca\/wp-json\/wp\/v2\/types\/page"}],"author":[{"embeddable":true,"href":"https:\/\/elxverdaineta.es\/ca\/wp-json\/wp\/v2\/users\/1"}],"replies":[{"embeddable":true,"href":"https:\/\/elxverdaineta.es\/ca\/wp-json\/wp\/v2\/comments?post=485"}],"version-history":[{"count":1,"href":"https:\/\/elxverdaineta.es\/ca\/wp-json\/wp\/v2\/pages\/485\/revisions"}],"predecessor-version":[{"id":486,"href":"https:\/\/elxverdaineta.es\/ca\/wp-json\/wp\/v2\/pages\/485\/revisions\/486"}],"wp:attachment":[{"href":"https:\/\/elxverdaineta.es\/ca\/wp-json\/wp\/v2\/media?parent=485"}],"curies":[{"name":"wp","href":"https:\/\/api.w.org\/{rel}","templated":true}]}}